{"id":15730,"date":"2025-07-21T18:00:46","date_gmt":"2025-07-21T18:00:46","guid":{"rendered":"https:\/\/www.dhct.academy\/?post_type=product&#038;p=15730"},"modified":"2025-09-17T16:08:21","modified_gmt":"2025-09-17T20:08:21","slug":"super-leader","status":"publish","type":"product","link":"https:\/\/www.dhct.academy\/fr\/shop\/hybridmlm_package\/accessories\/super-leader\/","title":{"rendered":"Pr\u00e9sident"},"content":{"rendered":"<p style=\"text-align: justify;\">Paie<strong data-start=\"109\" data-end=\"201\"> (HTG 164062) <\/strong>pour ton inscription et acc\u00e8de \u00e0 tous les cours de la plateforme \u00e0 vie<strong data-start=\"109\" data-end=\"201\">.<\/strong> Tu pourras \u00e9tudier \u00e0 ton rythme, d\u00e9velopper ton r\u00e9seau et b\u00e2tir ta communaut\u00e9. En tant que parrain, tu recevras 50\u202f% du montant d\u2019inscription (<strong>HTG 82031<\/strong>) chaque fois qu\u2019un de tes filleuls directs atteint le niveau 7. Et si l\u2019un de tes filleuls inscrit un autre \u00e9tudiant, tu recevras un bonus de 10\u202f%, pendant que ton filleul touchera ses 50\u202f%. C\u2019est plus qu\u2019une formation, c\u2019est une opportunit\u00e9 de croissance et de revenus.<\/p>","protected":false},"excerpt":{"rendered":"<p>Paie (HTG 164062) pour ton inscription et acc\u00e8de \u00e0 tous les cours de la plateforme \u00e0 vie. Tu pourras \u00e9tudier<\/p>","protected":false},"featured_media":18641,"template":"","meta":[],"product_brand":[],"product_cat":[977],"product_tag":[],"class_list":{"0":"post-15730","1":"product","2":"type-product","3":"status-publish","4":"has-post-thumbnail","6":"product_cat-accessories","8":"first","9":"instock","10":"shipping-taxable","11":"product-type-simple"},"_links":{"self":[{"href":"https:\/\/www.dhct.academy\/fr\/wp-json\/wp\/v2\/product\/15730","targetHints":{"allow":["GET"]}}],"collection":[{"href":"https:\/\/www.dhct.academy\/fr\/wp-json\/wp\/v2\/product"}],"about":[{"href":"https:\/\/www.dhct.academy\/fr\/wp-json\/wp\/v2\/types\/product"}],"wp:featuredmedia":[{"embeddable":true,"href":"https:\/\/www.dhct.academy\/fr\/wp-json\/wp\/v2\/media\/18641"}],"wp:attachment":[{"href":"https:\/\/www.dhct.academy\/fr\/wp-json\/wp\/v2\/media?parent=15730"}],"wp:term":[{"taxonomy":"product_brand","embeddable":true,"href":"https:\/\/www.dhct.academy\/fr\/wp-json\/wp\/v2\/product_brand?post=15730"},{"taxonomy":"product_cat","embeddable":true,"href":"https:\/\/www.dhct.academy\/fr\/wp-json\/wp\/v2\/product_cat?post=15730"},{"taxonomy":"product_tag","embeddable":true,"href":"https:\/\/www.dhct.academy\/fr\/wp-json\/wp\/v2\/product_tag?post=15730"}],"curies":[{"name":"wp","href":"https:\/\/api.w.org\/{rel}","templated":true}]}}