{"id":15728,"date":"2025-07-21T17:46:51","date_gmt":"2025-07-21T17:46:51","guid":{"rendered":"https:\/\/www.dhct.academy\/?post_type=product&#038;p=15728"},"modified":"2025-09-17T16:10:54","modified_gmt":"2025-09-17T20:10:54","slug":"leader","status":"publish","type":"product","link":"https:\/\/www.dhct.academy\/fr\/shop\/hybridmlm_package\/accessories\/leader\/","title":{"rendered":"Super leader"},"content":{"rendered":"<p style=\"text-align: justify;\" data-start=\"68\" data-end=\"536\">Paie<strong data-start=\"68\" data-end=\"199\"> (HTG 110295) <\/strong>pour ton inscription et acc\u00e8de \u00e0 environ 5 nouveaux cours, en plus des 40 anciens, pendant 5 ans renouvelables. \u00c9tudie, d\u00e9veloppe ton r\u00e9seau et construis ton avenir. Deviens le parrain de chaque \u00e9tudiant que tu inscris directement. Si un de tes filleuls directs atteint le niveau 7, re\u00e7ois <strong data-start=\"378\" data-end=\"405\">50\u202f% <\/strong>de son inscription, soit (<strong>HTG55147.5<\/strong>). Et si ce filleul inscrit un autre \u00e9tudiant, gagne un bonus de <strong data-start=\"478\" data-end=\"498\">10\u202f%<\/strong>, pendant que lui touche ses <strong data-start=\"527\" data-end=\"535\" data-is-only-node=\"\">50\u202f%<\/strong>.<\/p>","protected":false},"excerpt":{"rendered":"<p>Paie (HTG 110295) pour ton inscription et acc\u00e8de \u00e0 environ 5 nouveaux cours, en plus des 40 anciens, pendant 5<\/p>","protected":false},"featured_media":18642,"template":"","meta":[],"product_brand":[],"product_cat":[977],"product_tag":[],"class_list":{"0":"post-15728","1":"product","2":"type-product","3":"status-publish","4":"has-post-thumbnail","6":"product_cat-accessories","8":"first","9":"instock","10":"shipping-taxable","11":"product-type-simple"},"_links":{"self":[{"href":"https:\/\/www.dhct.academy\/fr\/wp-json\/wp\/v2\/product\/15728","targetHints":{"allow":["GET"]}}],"collection":[{"href":"https:\/\/www.dhct.academy\/fr\/wp-json\/wp\/v2\/product"}],"about":[{"href":"https:\/\/www.dhct.academy\/fr\/wp-json\/wp\/v2\/types\/product"}],"wp:featuredmedia":[{"embeddable":true,"href":"https:\/\/www.dhct.academy\/fr\/wp-json\/wp\/v2\/media\/18642"}],"wp:attachment":[{"href":"https:\/\/www.dhct.academy\/fr\/wp-json\/wp\/v2\/media?parent=15728"}],"wp:term":[{"taxonomy":"product_brand","embeddable":true,"href":"https:\/\/www.dhct.academy\/fr\/wp-json\/wp\/v2\/product_brand?post=15728"},{"taxonomy":"product_cat","embeddable":true,"href":"https:\/\/www.dhct.academy\/fr\/wp-json\/wp\/v2\/product_cat?post=15728"},{"taxonomy":"product_tag","embeddable":true,"href":"https:\/\/www.dhct.academy\/fr\/wp-json\/wp\/v2\/product_tag?post=15728"}],"curies":[{"name":"wp","href":"https:\/\/api.w.org\/{rel}","templated":true}]}}