{"id":15726,"date":"2025-07-21T17:44:49","date_gmt":"2025-07-21T17:44:49","guid":{"rendered":"https:\/\/www.dhct.academy\/?post_type=product&#038;p=15726"},"modified":"2025-09-17T16:11:01","modified_gmt":"2025-09-17T20:11:01","slug":"grade-8","status":"publish","type":"product","link":"https:\/\/www.dhct.academy\/fr\/shop\/hybridmlm_package\/accessories\/grade-8\/","title":{"rendered":"Leader"},"content":{"rendered":"<p>En payant <strong>HTG 66 667<\/strong> pour ton inscription, tu b\u00e9n\u00e9ficies de :<br \/>\n\u2705 <strong>Acc\u00e8s \u00e0 5 nouveaux cours exclusifs<\/strong> + les <strong>35 cours d\u00e9j\u00e0 existants<\/strong>,<br \/>\n\u2705 Une dur\u00e9e d\u2019acc\u00e8s de <strong>4 ans renouvelables<\/strong>,<br \/>\n\u2705 La possibilit\u00e9 d\u2019<strong>\u00e9tudier, d\u00e9velopper ton r\u00e9seau<\/strong> et avancer avec assurance,<br \/>\n\u2705 Un syst\u00e8me de <strong>bonus puissant<\/strong> qui r\u00e9compense ton leadership.<\/p>\n<p><strong>\ud83d\udcb8<\/strong><strong> Le syst\u00e8me de bonus par g\u00e9n\u00e9ration<\/strong><\/p>\n<p>\ud83d\udc49 <strong>1\u02b3\u1d49 g\u00e9n\u00e9ration (tes filleuls directs qui passent en grade LEADER)<\/strong><\/p>\n<p>Et si l\u2019un de tes filleuls directs atteint le grade <strong>LEADER<\/strong>, tu re\u00e7ois \u00e0 nouveau <strong>50 % de son inscription<\/strong> soit <strong>HTG <\/strong><strong>33 333,5 <\/strong>cr\u00e9dit\u00e9s directement dans ton portefeuille virtuel.<\/p>\n<p>\ud83d\udc49 <strong>2\u1d49 g\u00e9n\u00e9ration (les filleuls de tes filleuls deviennent LEADER)<\/strong><\/p>\n<ul>\n<li>Lui re\u00e7oit <strong>50 %<\/strong>,<\/li>\n<li>Toi, tu touches <strong>10 %<\/strong> de son inscription.<\/li>\n<\/ul>\n<p>\ud83d\udc49 <strong>3\u1d49 g\u00e9n\u00e9ration (les filleuls des filleuls de tes filleuls)<\/strong><\/p>\n<ul>\n<li>Le parrain direct re\u00e7oit <strong>50 %<\/strong>,<\/li>\n<li>Son parrain re\u00e7oit <strong>10 %<\/strong>,<\/li>\n<li>Et toi, en tant que &#8220;grand-parrain&#8221;, tu re\u00e7ois aussi <strong>10 %<\/strong>.<\/li>\n<\/ul>\n<p>\ud83d\udc49 <strong>De la 4\u1d49 \u00e0 la 10\u1d49 g\u00e9n\u00e9ration<\/strong><br \/>\nTu continues de percevoir des bonus sur toutes les inscriptions :<\/p>\n<ul>\n<li>4\u1d49 g\u00e9n\u00e9ration \u2192 <strong>5 %<\/strong><\/li>\n<li>5\u1d49 g\u00e9n\u00e9ration \u2192 <strong>3 %<\/strong><\/li>\n<li>6\u1d49 g\u00e9n\u00e9ration \u2192 <strong>2 %<\/strong><\/li>\n<li>7\u1d49 g\u00e9n\u00e9ration \u2192 <strong>1 %<\/strong><\/li>\n<li>8\u1d49 g\u00e9n\u00e9ration \u2192 <strong>1 %<\/strong><\/li>\n<li>9\u1d49 g\u00e9n\u00e9ration \u2192 <strong>1 %<\/strong><\/li>\n<li>10\u1d49 g\u00e9n\u00e9ration \u2192 <strong>1 %<\/strong><\/li>\n<\/ul>\n<p>\ud83d\udd25 En r\u00e9sum\u00e9 :<br \/>\nTu investis dans ton \u00e9ducation, tu construis ton r\u00e9seau et tu cr\u00e9es une <strong>source de revenus passifs, \u00e9volutifs et durables<\/strong>. \ud83d\udd25 En bref : et chaque fois qu\u2019un membre de ta lign\u00e9e atteint le <strong>grade LEADER<\/strong>, tu gagnes des <strong>commissions automatiques et continues<\/strong>.<\/p>","protected":false},"excerpt":{"rendered":"<p>En payant HTG 66 667 pour ton inscription, tu b\u00e9n\u00e9ficies de : \u2705 Acc\u00e8s \u00e0 5 nouveaux cours exclusifs +<\/p>","protected":false},"featured_media":18643,"template":"","meta":[],"product_brand":[],"product_cat":[977],"product_tag":[],"class_list":{"0":"post-15726","1":"product","2":"type-product","3":"status-publish","4":"has-post-thumbnail","6":"product_cat-accessories","8":"first","9":"instock","10":"shipping-taxable","11":"product-type-simple"},"_links":{"self":[{"href":"https:\/\/www.dhct.academy\/fr\/wp-json\/wp\/v2\/product\/15726","targetHints":{"allow":["GET"]}}],"collection":[{"href":"https:\/\/www.dhct.academy\/fr\/wp-json\/wp\/v2\/product"}],"about":[{"href":"https:\/\/www.dhct.academy\/fr\/wp-json\/wp\/v2\/types\/product"}],"wp:featuredmedia":[{"embeddable":true,"href":"https:\/\/www.dhct.academy\/fr\/wp-json\/wp\/v2\/media\/18643"}],"wp:attachment":[{"href":"https:\/\/www.dhct.academy\/fr\/wp-json\/wp\/v2\/media?parent=15726"}],"wp:term":[{"taxonomy":"product_brand","embeddable":true,"href":"https:\/\/www.dhct.academy\/fr\/wp-json\/wp\/v2\/product_brand?post=15726"},{"taxonomy":"product_cat","embeddable":true,"href":"https:\/\/www.dhct.academy\/fr\/wp-json\/wp\/v2\/product_cat?post=15726"},{"taxonomy":"product_tag","embeddable":true,"href":"https:\/\/www.dhct.academy\/fr\/wp-json\/wp\/v2\/product_tag?post=15726"}],"curies":[{"name":"wp","href":"https:\/\/api.w.org\/{rel}","templated":true}]}}