{"id":15722,"date":"2025-07-21T17:34:32","date_gmt":"2025-07-21T17:34:32","guid":{"rendered":"https:\/\/www.dhct.academy\/?post_type=product&#038;p=15722"},"modified":"2025-09-17T16:12:13","modified_gmt":"2025-09-17T20:12:13","slug":"grade-6","status":"publish","type":"product","link":"https:\/\/www.dhct.academy\/fr\/shop\/hybridmlm_package\/accessories\/grade-6\/","title":{"rendered":"Chef d\u2019\u00e9quipe"},"content":{"rendered":"<p>En payant <strong>HTG 30 000<\/strong>, tu obtiens :<br \/>\n\u2705 <strong>Acc\u00e8s \u00e0 environ 5 nouveaux cours<\/strong> + les <strong>25 anciens cours d\u00e9j\u00e0 disponibles<\/strong><br \/>\n\u2705 Une dur\u00e9e d\u2019acc\u00e8s de <strong>2 ans renouvelables<\/strong><br \/>\n\u2705 La possibilit\u00e9 d\u2019<strong>apprendre, cr\u00e9er ton r\u00e9seau et avancer sereinement<\/strong><br \/>\n\u2705 Et surtout, l\u2019opportunit\u00e9 de <strong>g\u00e9n\u00e9rer des revenus gr\u00e2ce au parrainage<\/strong><\/p>\n<p><strong>\ud83d\udcb8<\/strong><strong> Le syst\u00e8me de bonus par g\u00e9n\u00e9ration<\/strong><\/p>\n<p>\ud83d\udc49 <strong>1\u02b3\u1d49 g\u00e9n\u00e9ration (tes filleuls directs qui passent en grade CHEF D\u2019EQUIPE)<\/strong><\/p>\n<p>Et si l\u2019un de tes filleuls directs atteint le grade <strong>CHEF D\u2019\u00c9QUIPE<\/strong>, tu re\u00e7ois \u00e0 nouveau <strong>50 % de son inscription<\/strong>, soit <strong>HTG 15 000<\/strong> cr\u00e9dit\u00e9s directement dans ton portefeuille virtuel.<\/p>\n<p>\ud83d\udc49 <strong>2\u1d49 g\u00e9n\u00e9ration (les filleuls de tes filleuls deviennent CHEF D\u2019EQUIPE)<\/strong><\/p>\n<ul>\n<li>Tes filleux re\u00e7oivent <strong>50 %<\/strong>,<\/li>\n<li>Toi, tu touches <strong>10 %<\/strong> sur cette inscription.<\/li>\n<\/ul>\n<p>\ud83d\udc49 <strong>3\u1d49 g\u00e9n\u00e9ration (les filleuls des filleuls de tes filleuls)<\/strong><\/p>\n<ul>\n<li>Le parrain direct re\u00e7oit <strong>50 %<\/strong>,<\/li>\n<li>Son parrain re\u00e7oit <strong>10 %<\/strong>,<\/li>\n<li>Et toi, en tant que &#8220;grand-parrain&#8221;, tu re\u00e7ois aussi <strong>10 %<\/strong>.<\/li>\n<\/ul>\n<p>\ud83d\udc49 <strong>De la 4\u1d49 \u00e0 la 10\u1d49 g\u00e9n\u00e9ration<\/strong><br \/>\nTu continues de percevoir des bonus sur toutes les inscriptions :<\/p>\n<ul>\n<li>4\u1d49 g\u00e9n\u00e9ration \u2192 <strong>5 %<\/strong><\/li>\n<li>5\u1d49 g\u00e9n\u00e9ration \u2192 <strong>3 %<\/strong><\/li>\n<li>6\u1d49 g\u00e9n\u00e9ration \u2192 <strong>2 %<\/strong><\/li>\n<li>7\u1d49 g\u00e9n\u00e9ration \u2192 <strong>1 %<\/strong><\/li>\n<li>8\u1d49 g\u00e9n\u00e9ration \u2192 <strong>1 %<\/strong><\/li>\n<li>9\u1d49 g\u00e9n\u00e9ration \u2192 <strong>1 %<\/strong><\/li>\n<li>10\u1d49 g\u00e9n\u00e9ration \u2192 <strong>1 %<\/strong><\/li>\n<\/ul>\n<p>\ud83d\udd25 En r\u00e9sum\u00e9 :<br \/>\nTu investis dans ton \u00e9ducation, tu construis ton r\u00e9seau et tu cr\u00e9es une <strong>source de revenus passifs, \u00e9volutifs et durables<\/strong>. \ud83d\udd25 En bref : et chaque fois qu\u2019un membre de ta lign\u00e9e atteint le <strong>grade CHEF D\u2019EQUIPE<\/strong>, tu gagnes des <strong>commissions automatiques et continues<\/strong>.<\/p>","protected":false},"excerpt":{"rendered":"<p>En payant HTG 30 000, tu obtiens : \u2705 Acc\u00e8s \u00e0 environ 5 nouveaux cours + les 25 anciens cours<\/p>","protected":false},"featured_media":18645,"template":"","meta":[],"product_brand":[],"product_cat":[977],"product_tag":[],"class_list":{"0":"post-15722","1":"product","2":"type-product","3":"status-publish","4":"has-post-thumbnail","6":"product_cat-accessories","8":"first","9":"instock","10":"shipping-taxable","11":"product-type-simple"},"_links":{"self":[{"href":"https:\/\/www.dhct.academy\/fr\/wp-json\/wp\/v2\/product\/15722","targetHints":{"allow":["GET"]}}],"collection":[{"href":"https:\/\/www.dhct.academy\/fr\/wp-json\/wp\/v2\/product"}],"about":[{"href":"https:\/\/www.dhct.academy\/fr\/wp-json\/wp\/v2\/types\/product"}],"wp:featuredmedia":[{"embeddable":true,"href":"https:\/\/www.dhct.academy\/fr\/wp-json\/wp\/v2\/media\/18645"}],"wp:attachment":[{"href":"https:\/\/www.dhct.academy\/fr\/wp-json\/wp\/v2\/media?parent=15722"}],"wp:term":[{"taxonomy":"product_brand","embeddable":true,"href":"https:\/\/www.dhct.academy\/fr\/wp-json\/wp\/v2\/product_brand?post=15722"},{"taxonomy":"product_cat","embeddable":true,"href":"https:\/\/www.dhct.academy\/fr\/wp-json\/wp\/v2\/product_cat?post=15722"},{"taxonomy":"product_tag","embeddable":true,"href":"https:\/\/www.dhct.academy\/fr\/wp-json\/wp\/v2\/product_tag?post=15722"}],"curies":[{"name":"wp","href":"https:\/\/api.w.org\/{rel}","templated":true}]}}