{"id":15720,"date":"2025-07-21T17:33:23","date_gmt":"2025-07-21T17:33:23","guid":{"rendered":"https:\/\/www.dhct.academy\/?post_type=product&#038;p=15720"},"modified":"2025-09-17T16:11:41","modified_gmt":"2025-09-17T20:11:41","slug":"grade-5","status":"publish","type":"product","link":"https:\/\/www.dhct.academy\/fr\/shop\/hybridmlm_package\/accessories\/grade-5\/","title":{"rendered":"Grade 5"},"content":{"rendered":"<p>En payant <strong>HTG 20,455<\/strong> pour ton inscription, tu obtiens :<br \/>\n\u2705 <strong>Acc\u00e8s \u00e0 environ 5 nouveaux cours<\/strong>,<br \/>\n\u2705 + <strong>20 cours d\u00e9j\u00e0 disponibles<\/strong>,<br \/>\n\u2705 Pendant une dur\u00e9e de <strong>20 mois renouvelables<\/strong>.<\/p>\n<p>Tu peux ainsi <strong>\u00e9tudier, d\u00e9velopper ton r\u00e9seau et progresser sans limite<\/strong>.<\/p>\n<p><strong>\ud83d\udcb8<\/strong><strong> Le syst\u00e8me de bonus par g\u00e9n\u00e9ration<\/strong><\/p>\n<p>\ud83d\udc49 <strong>1\u02b3\u1d49 g\u00e9n\u00e9ration (tes filleuls directs qui passent en Grade 5)<\/strong><\/p>\n<ul>\n<li>Si l\u2019un de tes filleuls directs atteint le <strong>Grade 5<\/strong>, tu re\u00e7ois <strong>50 % de son inscription<\/strong>, soit <strong>HTG 10,227.50<\/strong> cr\u00e9dit\u00e9s directement dans ton portefeuille virtuel.<\/li>\n<\/ul>\n<p>\ud83d\udc49 <strong>2\u1d49 g\u00e9n\u00e9ration (les filleuls de tes filleuls)<\/strong><\/p>\n<ul>\n<li>Ton filleul direct re\u00e7oit <strong>50 %<\/strong>,<\/li>\n<li>Et toi, en tant que parrain indirect, tu touches <strong>10 %<\/strong>.<\/li>\n<\/ul>\n<p>\ud83d\udc49 <strong>3\u1d49 g\u00e9n\u00e9ration (les filleuls des filleuls de tes filleuls)<\/strong><\/p>\n<ul>\n<li>Le parrain direct re\u00e7oit <strong>50 %<\/strong>,<\/li>\n<li>Son propre parrain re\u00e7oit <strong>10 %<\/strong>,<\/li>\n<li>Et toi, encore une fois, tu re\u00e7ois <strong>10 %<\/strong>.<\/li>\n<\/ul>\n<p>\ud83d\udc49 <strong>\u00c0 partir de la 4\u1d49 g\u00e9n\u00e9ration et jusqu\u2019\u00e0 la 10\u1d49<\/strong><br \/>\nLe syst\u00e8me continue \u00e0 te r\u00e9mun\u00e9rer sur toute ta lign\u00e9e avec des pourcentages d\u00e9gressifs :<\/p>\n<ul>\n<li>4\u1d49 g\u00e9n\u00e9ration \u2192 <strong>5 %<\/strong><\/li>\n<li>5\u1d49 g\u00e9n\u00e9ration \u2192 <strong>3 %<\/strong><\/li>\n<li>6\u1d49 g\u00e9n\u00e9ration \u2192 <strong>2 %<\/strong><\/li>\n<li>7\u1d49 g\u00e9n\u00e9ration \u2192 <strong>1 %<\/strong><\/li>\n<li>8\u1d49 g\u00e9n\u00e9ration \u2192 <strong>1 %<\/strong><\/li>\n<li>9\u1d49 g\u00e9n\u00e9ration \u2192 <strong>1 %<\/strong><\/li>\n<li>10\u1d49 g\u00e9n\u00e9ration \u2192 <strong>1 %<\/strong><\/li>\n<\/ul>\n<p style=\"text-align: justify;\" data-start=\"107\" data-end=\"577\">\ud83d\udd25 En r\u00e9sum\u00e9 :<br \/>\nTu investis dans ton \u00e9ducation, tu construis ton r\u00e9seau et tu cr\u00e9es une <strong>source de revenus passifs, \u00e9volutifs et durables<\/strong>. \ud83d\udd25 En bref : et chaque fois qu\u2019un membre de ta lign\u00e9e atteint le <strong>grade 5<\/strong>, tu gagnes des <strong>commissions automatiques et continues.<\/strong><\/p>","protected":false},"excerpt":{"rendered":"<p>En payant HTG 20,455 pour ton inscription, tu obtiens : \u2705 Acc\u00e8s \u00e0 environ 5 nouveaux cours, \u2705 + 20<\/p>","protected":false},"featured_media":18646,"template":"","meta":[],"product_brand":[],"product_cat":[977],"product_tag":[],"class_list":{"0":"post-15720","1":"product","2":"type-product","3":"status-publish","4":"has-post-thumbnail","6":"product_cat-accessories","8":"first","9":"instock","10":"shipping-taxable","11":"product-type-simple"},"_links":{"self":[{"href":"https:\/\/www.dhct.academy\/fr\/wp-json\/wp\/v2\/product\/15720","targetHints":{"allow":["GET"]}}],"collection":[{"href":"https:\/\/www.dhct.academy\/fr\/wp-json\/wp\/v2\/product"}],"about":[{"href":"https:\/\/www.dhct.academy\/fr\/wp-json\/wp\/v2\/types\/product"}],"wp:featuredmedia":[{"embeddable":true,"href":"https:\/\/www.dhct.academy\/fr\/wp-json\/wp\/v2\/media\/18646"}],"wp:attachment":[{"href":"https:\/\/www.dhct.academy\/fr\/wp-json\/wp\/v2\/media?parent=15720"}],"wp:term":[{"taxonomy":"product_brand","embeddable":true,"href":"https:\/\/www.dhct.academy\/fr\/wp-json\/wp\/v2\/product_brand?post=15720"},{"taxonomy":"product_cat","embeddable":true,"href":"https:\/\/www.dhct.academy\/fr\/wp-json\/wp\/v2\/product_cat?post=15720"},{"taxonomy":"product_tag","embeddable":true,"href":"https:\/\/www.dhct.academy\/fr\/wp-json\/wp\/v2\/product_tag?post=15720"}],"curies":[{"name":"wp","href":"https:\/\/api.w.org\/{rel}","templated":true}]}}