{"id":15718,"date":"2025-07-21T17:32:15","date_gmt":"2025-07-21T17:32:15","guid":{"rendered":"https:\/\/www.dhct.academy\/?post_type=product&#038;p=15718"},"modified":"2025-09-17T16:11:43","modified_gmt":"2025-09-17T20:11:43","slug":"grade-4","status":"publish","type":"product","link":"https:\/\/www.dhct.academy\/fr\/shop\/hybridmlm_package\/accessories\/grade-4\/","title":{"rendered":"Grade 4"},"content":{"rendered":"<p>En payant <strong>HTG 12 750<\/strong>, tu b\u00e9n\u00e9ficies de :<br \/>\n\u2705 L\u2019acc\u00e8s \u00e0 environ <strong>5 nouveaux cours<\/strong> + <strong>15 anciens cours d\u00e9j\u00e0 disponibles<\/strong><br \/>\n\u2705 Une dur\u00e9e de formation de <strong>16 mois renouvelables<\/strong><br \/>\n\u2705 L\u2019opportunit\u00e9 d\u2019apprendre \u00e0 ton rythme, d\u2019\u00e9largir ton r\u00e9seau et de progresser efficacement<\/p>\n<p><strong>\ud83d\udcb8<\/strong><strong> Le syst\u00e8me de bonus par parrainage<\/strong><\/p>\n<p>\ud83d\udc49 <strong>1\u02b3\u1d49 g\u00e9n\u00e9ration (tes filleuls directs qui passent en Grade 4)<\/strong><\/p>\n<ul>\n<li>Si l\u2019un de tes filleuls directs atteint le <strong>Grade 4<\/strong>, tu re\u00e7ois <strong>50 % de son inscription<\/strong>, soit <strong>HTG 6 375<\/strong> cr\u00e9dit\u00e9s directement dans ton portefeuille virtuel.<\/li>\n<\/ul>\n<p>\ud83d\udc49 <strong>2\u1d49 g\u00e9n\u00e9ration (les filleuls de tes filleuls)<\/strong><\/p>\n<ul>\n<li>Ton filleul direct re\u00e7oit <strong>50 %<\/strong>,<\/li>\n<li>Et toi, en tant que parrain indirect, tu gagnes <strong>10 %<\/strong>.<\/li>\n<\/ul>\n<p>\ud83d\udc49 <strong>3\u1d49 g\u00e9n\u00e9ration (les filleuls des filleuls de tes filleuls)<\/strong><\/p>\n<ul>\n<li>Celui qui inscrit (le parrain direct) re\u00e7oit <strong>50 %<\/strong>,<\/li>\n<li>Son propre parrain re\u00e7oit <strong>10 %<\/strong>,<\/li>\n<li>Et toi (\u00e0 la 3\u1d49 g\u00e9n\u00e9ration), tu touches encore <strong>10 %<\/strong>.<\/li>\n<\/ul>\n<p>\ud83d\udc49 <strong>De la 4\u1d49 \u00e0 la 10\u1d49 g\u00e9n\u00e9ration<\/strong><br \/>\nLe syst\u00e8me continue de descendre avec des commissions d\u00e9gressives :<\/p>\n<ul>\n<li>4\u1d49 g\u00e9n\u00e9ration \u2192 <strong>5 %<\/strong><\/li>\n<li>5\u1d49 g\u00e9n\u00e9ration \u2192 <strong>3 %<\/strong><\/li>\n<li>6\u1d49 g\u00e9n\u00e9ration \u2192 <strong>2 %<\/strong><\/li>\n<li>7\u1d49 g\u00e9n\u00e9ration \u2192 <strong>1 %<\/strong><\/li>\n<li>8\u1d49 g\u00e9n\u00e9ration \u2192 <strong>1 %<\/strong><\/li>\n<li>9\u1d49 g\u00e9n\u00e9ration \u2192 <strong>1 %<\/strong><\/li>\n<li>10\u1d49 g\u00e9n\u00e9ration \u2192 <strong>1 %<\/strong><\/li>\n<\/ul>\n<p>\ud83d\udd25 En r\u00e9sum\u00e9 :<br \/>\nTu investis dans ton \u00e9ducation, tu construis ton r\u00e9seau et tu cr\u00e9es une <strong>source de revenus passifs, \u00e9volutifs et durables<\/strong>. \ud83d\udd25 En bref : et chaque fois qu\u2019un membre de ta lign\u00e9e atteint le <strong>grade 4<\/strong>, tu gagnes des <strong>commissions automatiques et continues<\/strong>.<\/p>","protected":false},"excerpt":{"rendered":"<p>En payant HTG 12 750, tu b\u00e9n\u00e9ficies de : \u2705 L\u2019acc\u00e8s \u00e0 environ 5 nouveaux cours + 15 anciens cours<\/p>","protected":false},"featured_media":18647,"template":"","meta":[],"product_brand":[],"product_cat":[977],"product_tag":[],"class_list":{"0":"post-15718","1":"product","2":"type-product","3":"status-publish","4":"has-post-thumbnail","6":"product_cat-accessories","8":"first","9":"instock","10":"shipping-taxable","11":"product-type-simple"},"_links":{"self":[{"href":"https:\/\/www.dhct.academy\/fr\/wp-json\/wp\/v2\/product\/15718","targetHints":{"allow":["GET"]}}],"collection":[{"href":"https:\/\/www.dhct.academy\/fr\/wp-json\/wp\/v2\/product"}],"about":[{"href":"https:\/\/www.dhct.academy\/fr\/wp-json\/wp\/v2\/types\/product"}],"wp:featuredmedia":[{"embeddable":true,"href":"https:\/\/www.dhct.academy\/fr\/wp-json\/wp\/v2\/media\/18647"}],"wp:attachment":[{"href":"https:\/\/www.dhct.academy\/fr\/wp-json\/wp\/v2\/media?parent=15718"}],"wp:term":[{"taxonomy":"product_brand","embeddable":true,"href":"https:\/\/www.dhct.academy\/fr\/wp-json\/wp\/v2\/product_brand?post=15718"},{"taxonomy":"product_cat","embeddable":true,"href":"https:\/\/www.dhct.academy\/fr\/wp-json\/wp\/v2\/product_cat?post=15718"},{"taxonomy":"product_tag","embeddable":true,"href":"https:\/\/www.dhct.academy\/fr\/wp-json\/wp\/v2\/product_tag?post=15718"}],"curies":[{"name":"wp","href":"https:\/\/api.w.org\/{rel}","templated":true}]}}