{"id":15716,"date":"2025-07-21T17:30:48","date_gmt":"2025-07-21T17:30:48","guid":{"rendered":"https:\/\/www.dhct.academy\/?post_type=product&#038;p=15716"},"modified":"2025-09-17T16:12:10","modified_gmt":"2025-09-17T20:12:10","slug":"grade-3","status":"publish","type":"product","link":"https:\/\/www.dhct.academy\/fr\/shop\/hybridmlm_package\/accessories\/grade-3\/","title":{"rendered":"Grade 3"},"content":{"rendered":"<p>En r\u00e9glant <strong>HTG 9 000<\/strong>, tu obtiens imm\u00e9diatement :<br \/>\n\u2705 Acc\u00e8s \u00e0 <strong>10 anciens cours<\/strong> + <strong>5 nouveaux cours exclusifs<\/strong><br \/>\n\u2705 Une dur\u00e9e d\u2019acc\u00e8s de <strong>12 mois renouvelables<\/strong><br \/>\n\u2705 La possibilit\u00e9 d\u2019apprendre, de progresser et de d\u00e9velopper ton r\u00e9seau sur la plateforme<\/p>\n<p><strong>\ud83d\udcb8<\/strong><strong> Le syst\u00e8me de parrainage expliqu\u00e9 en d\u00e9tail<\/strong><\/p>\n<p>\ud83d\udc49 <strong>1\u02b3\u1d49 g\u00e9n\u00e9ration (tes filleuls directs qui passent en Grade 3)<\/strong><\/p>\n<ul>\n<li>Si l\u2019un de tes filleuls directs atteint le <strong>Grade 3<\/strong>, tu re\u00e7ois <strong>50 % de son inscription<\/strong>, soit <strong>HTG 4 500<\/strong> directement cr\u00e9dit\u00e9s dans ton portefeuille virtuel.<\/li>\n<\/ul>\n<p>\ud83d\udc49 <strong>2\u1d49 g\u00e9n\u00e9ration (les filleuls de tes filleuls)<\/strong><\/p>\n<ul>\n<li>Ton filleul direct re\u00e7oit <strong>50 %<\/strong>,<\/li>\n<li>Et toi, tu re\u00e7ois <strong>10 %<\/strong> sur cette inscription.<\/li>\n<\/ul>\n<p>\ud83d\udc49 <strong>3\u1d49 g\u00e9n\u00e9ration (les filleuls des filleuls de tes filleuls)<\/strong><\/p>\n<ul>\n<li>Celui qui inscrit (parrain direct) re\u00e7oit <strong>50 %<\/strong>,<\/li>\n<li>Son propre parrain re\u00e7oit <strong>10 %<\/strong>,<\/li>\n<li>Et toi, en tant que &#8220;grand-parrain&#8221;, tu re\u00e7ois encore <strong>10 %<\/strong>.<\/li>\n<\/ul>\n<p>\ud83d\udc49 <strong>4\u1d49 \u00e0 10\u1d49 g\u00e9n\u00e9rations<\/strong><br \/>\nLe syst\u00e8me continue sur toute ta lign\u00e9e :<\/p>\n<ul>\n<li>4\u1d49 g\u00e9n\u00e9ration \u2192 <strong>5 %<\/strong><\/li>\n<li>5\u1d49 g\u00e9n\u00e9ration \u2192 <strong>3 %<\/strong><\/li>\n<li>6\u1d49 g\u00e9n\u00e9ration \u2192 <strong>2 %<\/strong><\/li>\n<li>7\u1d49 g\u00e9n\u00e9ration \u2192 <strong>1 %<\/strong><\/li>\n<li>8\u1d49 g\u00e9n\u00e9ration \u2192 <strong>1 %<\/strong><\/li>\n<li>9\u1d49 g\u00e9n\u00e9ration \u2192 <strong>1 %<\/strong><\/li>\n<li>10\u1d49 g\u00e9n\u00e9ration \u2192 <strong>1 %<\/strong><\/li>\n<\/ul>\n<p>\ud83d\udd25 En r\u00e9sum\u00e9 :<br \/>\nTu investis dans ton \u00e9ducation, tu construis ton r\u00e9seau et tu cr\u00e9es une <strong>source de revenus passifs, \u00e9volutifs et durables<\/strong>. \ud83d\udd25 En bref : et chaque fois qu\u2019un membre de ta lign\u00e9e atteint le <strong>grade 3<\/strong>, tu gagnes des <strong>commissions automatiques et continues<\/strong>.<\/p>","protected":false},"excerpt":{"rendered":"<p>En r\u00e9glant HTG 9 000, tu obtiens imm\u00e9diatement : \u2705 Acc\u00e8s \u00e0 10 anciens cours + 5 nouveaux cours exclusifs<\/p>","protected":false},"featured_media":18648,"template":"","meta":[],"product_brand":[],"product_cat":[977],"product_tag":[],"class_list":{"0":"post-15716","1":"product","2":"type-product","3":"status-publish","4":"has-post-thumbnail","6":"product_cat-accessories","8":"first","9":"instock","10":"shipping-taxable","11":"product-type-simple"},"_links":{"self":[{"href":"https:\/\/www.dhct.academy\/fr\/wp-json\/wp\/v2\/product\/15716","targetHints":{"allow":["GET"]}}],"collection":[{"href":"https:\/\/www.dhct.academy\/fr\/wp-json\/wp\/v2\/product"}],"about":[{"href":"https:\/\/www.dhct.academy\/fr\/wp-json\/wp\/v2\/types\/product"}],"wp:featuredmedia":[{"embeddable":true,"href":"https:\/\/www.dhct.academy\/fr\/wp-json\/wp\/v2\/media\/18648"}],"wp:attachment":[{"href":"https:\/\/www.dhct.academy\/fr\/wp-json\/wp\/v2\/media?parent=15716"}],"wp:term":[{"taxonomy":"product_brand","embeddable":true,"href":"https:\/\/www.dhct.academy\/fr\/wp-json\/wp\/v2\/product_brand?post=15716"},{"taxonomy":"product_cat","embeddable":true,"href":"https:\/\/www.dhct.academy\/fr\/wp-json\/wp\/v2\/product_cat?post=15716"},{"taxonomy":"product_tag","embeddable":true,"href":"https:\/\/www.dhct.academy\/fr\/wp-json\/wp\/v2\/product_tag?post=15716"}],"curies":[{"name":"wp","href":"https:\/\/api.w.org\/{rel}","templated":true}]}}