{"id":15714,"date":"2025-07-21T17:25:03","date_gmt":"2025-07-21T17:25:03","guid":{"rendered":"https:\/\/www.dhct.academy\/?post_type=product&#038;p=15714"},"modified":"2025-09-17T16:05:45","modified_gmt":"2025-09-17T20:05:45","slug":"grade-2","status":"publish","type":"product","link":"https:\/\/www.dhct.academy\/fr\/shop\/hybridmlm_package\/accessories\/grade-2\/","title":{"rendered":"Grade 2"},"content":{"rendered":"<div class=\"wpb-content-wrapper\"><div class=\"vc_row wpb_row vc_row-fluid\"><div class=\"wpb_column vc_column_container vc_col-sm-12\"><div class=\"vc_column-inner\"><div class=\"wpb_wrapper\">\t\t<div class=\"wd-el-video wd-wpb wd-rs-68cb035e10935 wd-action-without wd-video-hosted\">\n\t\t\t\t\t\t\t<video src=\"https:\/\/www.dhct.academy\/wp-content\/uploads\/2025\/07\/stock-footage-red-danger-with-warning-sign-animation-1.webm\" playsinline loop muted autoplay><\/video>\t\t\t\n\t\t\t\n\t\t\t\n\t\t\t\t\t<\/div>\n\t\t\n\t<div class=\"wpb_text_column wpb_content_element\" >\n\t\t<div class=\"wpb_wrapper\">\n\t\t\t<h1 data-start=\"39\" data-end=\"252\"><span style=\"text-decoration: underline; color: #ff0000;\"><strong>Note importante :<\/strong><\/span><\/h1>\n<h3 style=\"text-align: justify;\" data-start=\"39\" data-end=\"252\"><br data-start=\"60\" data-end=\"63\" \/><strong>Il est recommand\u00e9 de s\u2019assurer que vous avez 4 personnes parrain\u00e9es ayant d\u00e9j\u00e0 pay\u00e9 le programme avant de passer au Grade 2. <span style=\"color: #0000ff;\">Ceci fait partie des r\u00e8gles internes du programme<\/span>.<\/strong><br \/>\n<strong>Si vous ne respectez pas cette \u00e9tape, <span style=\"color: #0000ff;\">vous rencontrerez des probl\u00e8mes avec vos commissions et vous ne pourrez jamais les recevoir<\/span>. Il est impossible de passer cette \u00e9tape.<\/strong><br \/>\n<strong>Il est pr\u00e9f\u00e9rable de rester patient et de continuer \u00e0 travailler avec votre \u00e9quipe jusqu\u2019\u00e0 ce que vous ayez 4 personnes parrain\u00e9es ayant pay\u00e9 le programme.<\/strong><\/h3>\n<h1 style=\"text-align: center;\" data-start=\"604\" data-end=\"641\"><strong data-start=\"604\" data-end=\"639\">Merci pour votre compr\u00e9hension.<br \/>\n&#8212;&#8212;&#8212;&#8212;&#8212;&#8212;&#8212;&#8212;&#8212;&#8212;&#8212;&#8212;&#8212;&#8212;&#8212;&#8212;&#8212;&#8212;&#8212;&#8212;&#8212;&#8212;&#8212;&#8212;&#8212;&#8212;&#8212;&#8211;<\/strong><\/h1>\n<p>En payant <strong>HTG 5 625<\/strong>, tu acc\u00e8des \u00e0 :<br \/>\n\u2705 <strong>5 nouveaux cours exclusifs<\/strong> + <strong>les 5 anciens cours<\/strong> (soit 10 cours au total)<br \/>\n\u2705 Une dur\u00e9e d\u2019acc\u00e8s de <strong>8 mois<\/strong>, renouvelables<br \/>\n\u2705 La possibilit\u00e9 d\u2019<strong>\u00e9tudier \u00e0 ton rythme<\/strong>, de <strong>cr\u00e9er des connexions<\/strong> et de faire grandir ton r\u00e9seau<br \/>\n\u2705 Un <strong>syst\u00e8me de parrainage lucratif<\/strong> qui transforme ton inscription en revenus<\/p>\n<p><strong>\ud83d\udcb8<\/strong><strong> Ton syst\u00e8me de bonus expliqu\u00e9 clairement<\/strong><\/p>\n<p>\ud83d\udc49 <strong>1\u02b3\u1d49 g\u00e9n\u00e9ration (tes filleuls directs qui passent en Grade 2)<\/strong><\/p>\n<ul>\n<li>Si l\u2019un de tes filleuls directs atteint le <strong>Grade 2<\/strong>, tu re\u00e7ois <strong>50 % de son inscription<\/strong>, soit <strong>HTG 2,812.50<\/strong>, cr\u00e9dit\u00e9s directement dans ton portefeuille virtuel.<\/li>\n<\/ul>\n<p>\ud83d\udc49 <strong>2\u1d49 g\u00e9n\u00e9ration (les filleuls de tes filleuls)<\/strong><\/p>\n<ul>\n<li>Ton filleul direct re\u00e7oit <strong>50 %<\/strong>,<\/li>\n<li>Et toi, tu re\u00e7ois <strong>10 %<\/strong> sur cette inscription.<\/li>\n<\/ul>\n<p>\ud83d\udc49 <strong>3\u1d49 g\u00e9n\u00e9ration (les filleuls des filleuls de tes filleuls)<\/strong><\/p>\n<ul>\n<li>Celui qui inscrit (parrain direct) re\u00e7oit <strong>50 %<\/strong>,<\/li>\n<li>Son propre parrain re\u00e7oit <strong>10 %<\/strong>,<\/li>\n<li>Et toi, en tant que &#8220;grand-parrain&#8221;, tu re\u00e7ois encore <strong>10 %<\/strong>.<\/li>\n<\/ul>\n<p>\ud83d\udc49 <strong>4\u1d49 \u00e0 10\u1d49 g\u00e9n\u00e9rations<\/strong><br \/>\nLe syst\u00e8me continue sur toute ta lign\u00e9e :<\/p>\n<ul>\n<li>4\u1d49 g\u00e9n\u00e9ration \u2192 <strong>5 %<\/strong><\/li>\n<li>5\u1d49 g\u00e9n\u00e9ration \u2192 <strong>3 %<\/strong><\/li>\n<li>6\u1d49 g\u00e9n\u00e9ration \u2192 <strong>2 %<\/strong><\/li>\n<li>7\u1d49 g\u00e9n\u00e9ration \u2192 <strong>1 %<\/strong><\/li>\n<li>8\u1d49 g\u00e9n\u00e9ration \u2192 <strong>1 %<\/strong><\/li>\n<li>9\u1d49 g\u00e9n\u00e9ration \u2192 <strong>1 %<\/strong><\/li>\n<li>10\u1d49 g\u00e9n\u00e9ration \u2192 <strong>1 %<\/strong><\/li>\n<\/ul>\n<p>\ud83d\udd25 En r\u00e9sum\u00e9 :<br \/>\nTu investis dans ton \u00e9ducation, tu construis ton r\u00e9seau et tu cr\u00e9es une <strong>source de revenus passifs, \u00e9volutifs et durables<\/strong>. \ud83d\udd25 En bref : et chaque fois qu\u2019un membre de ta lign\u00e9e atteint le <strong>grade 2<\/strong>, tu gagnes des <strong>commissions automatiques et continues<\/strong>.<\/p>\n\n\t\t<\/div>\n\t<\/div>\n<\/div><\/div><\/div><\/div>\n<\/div>","protected":false},"excerpt":{"rendered":"Note importante : Il est recommand\u00e9 de s\u2019assurer que vous avez 4 personnes parrain\u00e9es ayant d\u00e9j\u00e0 pay\u00e9 le programme avant","protected":false},"featured_media":18649,"template":"","meta":[],"product_brand":[],"product_cat":[977],"product_tag":[],"class_list":{"0":"post-15714","1":"product","2":"type-product","3":"status-publish","4":"has-post-thumbnail","6":"product_cat-accessories","8":"first","9":"instock","10":"shipping-taxable","11":"product-type-simple"},"_links":{"self":[{"href":"https:\/\/www.dhct.academy\/fr\/wp-json\/wp\/v2\/product\/15714","targetHints":{"allow":["GET"]}}],"collection":[{"href":"https:\/\/www.dhct.academy\/fr\/wp-json\/wp\/v2\/product"}],"about":[{"href":"https:\/\/www.dhct.academy\/fr\/wp-json\/wp\/v2\/types\/product"}],"wp:featuredmedia":[{"embeddable":true,"href":"https:\/\/www.dhct.academy\/fr\/wp-json\/wp\/v2\/media\/18649"}],"wp:attachment":[{"href":"https:\/\/www.dhct.academy\/fr\/wp-json\/wp\/v2\/media?parent=15714"}],"wp:term":[{"taxonomy":"product_brand","embeddable":true,"href":"https:\/\/www.dhct.academy\/fr\/wp-json\/wp\/v2\/product_brand?post=15714"},{"taxonomy":"product_cat","embeddable":true,"href":"https:\/\/www.dhct.academy\/fr\/wp-json\/wp\/v2\/product_cat?post=15714"},{"taxonomy":"product_tag","embeddable":true,"href":"https:\/\/www.dhct.academy\/fr\/wp-json\/wp\/v2\/product_tag?post=15714"}],"curies":[{"name":"wp","href":"https:\/\/api.w.org\/{rel}","templated":true}]}}