{"id":15706,"date":"2025-07-21T17:05:31","date_gmt":"2025-07-21T17:05:31","guid":{"rendered":"https:\/\/www.dhct.academy\/?post_type=product&#038;p=15706"},"modified":"2025-09-17T14:22:41","modified_gmt":"2025-09-17T18:22:41","slug":"grade-1","status":"publish","type":"product","link":"https:\/\/www.dhct.academy\/fr\/shop\/hybridmlm_package\/accessories\/grade-1\/","title":{"rendered":"Grade 1"},"content":{"rendered":"<p>En investissant <strong>HTG 3 900<\/strong>, tu obtiens :<br \/>\n\u2705 <strong>Acc\u00e8s \u00e0 environ 5 cours<\/strong> de qualit\u00e9 pendant <strong>4 mois<\/strong> (renouvelables).<br \/>\n\u2705 Une opportunit\u00e9 de progresser, d\u00e9velopper tes comp\u00e9tences et \u00e9largir ton r\u00e9seau.<br \/>\n\u2705 Un <strong>syst\u00e8me de parrainage lucratif<\/strong> qui te permet de transformer ton inscription en source de revenus.<\/p>\n<p><strong>\ud83d\udcb8<\/strong><strong> Le syst\u00e8me de bonus par g\u00e9n\u00e9ration<\/strong><\/p>\n<p>\ud83d\udc49 <strong>1\u02b3\u1d49 g\u00e9n\u00e9ration (tes filleuls directs)<\/strong><br \/>\nChaque \u00e9tudiant que tu inscris via ton lien, tu re\u00e7ois <strong>50 % de son inscription<\/strong>, soit <strong>HTG 1 950<\/strong> cr\u00e9dit\u00e9s directement dans ton portefeuille.<\/p>\n<p>\ud83d\udc49 <strong>2\u1d49 g\u00e9n\u00e9ration (les filleuls de tes filleuls)<\/strong><\/p>\n<ul>\n<li>Ton filleul re\u00e7oit <strong>50 %<\/strong>,<\/li>\n<li>Et toi, tu gagnes <strong>10 %<\/strong> sur cette inscription.<\/li>\n<\/ul>\n<p>\ud83d\udc49 <strong>3\u1d49 g\u00e9n\u00e9ration<\/strong><\/p>\n<ul>\n<li>Celui qui inscrit re\u00e7oit <strong>50 %<\/strong>,<\/li>\n<li>Son parrain direct re\u00e7oit <strong>10 %<\/strong>,<\/li>\n<li>Toi, tu touches encore <strong>10 %<\/strong>.<\/li>\n<\/ul>\n<p>\ud83d\udc49 <strong>4\u1d49 \u00e0 10\u1d49 g\u00e9n\u00e9rations<\/strong><br \/>\nLe syst\u00e8me continue de descendre et tu re\u00e7ois toujours une commission :<\/p>\n<ul>\n<li>4\u1d49 g\u00e9n\u00e9ration \u2192 <strong>5 %<\/strong><\/li>\n<li>5\u1d49 g\u00e9n\u00e9ration \u2192 <strong>3 %<\/strong><\/li>\n<li>6\u1d49 g\u00e9n\u00e9ration \u2192 <strong>2 %<\/strong><\/li>\n<li>7\u1d49 g\u00e9n\u00e9ration \u2192 <strong>1 %<\/strong><\/li>\n<li>8\u1d49 g\u00e9n\u00e9ration \u2192 <strong>1 %<\/strong><\/li>\n<li>9\u1d49 g\u00e9n\u00e9ration \u2192 <strong>1 %<\/strong><\/li>\n<li>10\u1d49 g\u00e9n\u00e9ration \u2192 <strong>1 %<\/strong><\/li>\n<\/ul>\n<p>\ud83d\udd25 En bref : tu apprends, tu cr\u00e9es des liens, tu aides d\u2019autres \u00e9tudiants \u00e0 progresser, et en m\u00eame temps tu g\u00e9n\u00e8res <strong>des revenus passifs et croissants<\/strong>.<\/p>","protected":false},"excerpt":{"rendered":"<p>En investissant HTG 3 900, tu obtiens : \u2705 Acc\u00e8s \u00e0 environ 5 cours de qualit\u00e9 pendant 4 mois (renouvelables).<\/p>","protected":false},"featured_media":18650,"template":"","meta":[],"product_brand":[],"product_cat":[977],"product_tag":[],"class_list":{"0":"post-15706","1":"product","2":"type-product","3":"status-publish","4":"has-post-thumbnail","6":"product_cat-accessories","8":"first","9":"instock","10":"shipping-taxable","11":"purchasable","12":"product-type-simple"},"_links":{"self":[{"href":"https:\/\/www.dhct.academy\/fr\/wp-json\/wp\/v2\/product\/15706","targetHints":{"allow":["GET"]}}],"collection":[{"href":"https:\/\/www.dhct.academy\/fr\/wp-json\/wp\/v2\/product"}],"about":[{"href":"https:\/\/www.dhct.academy\/fr\/wp-json\/wp\/v2\/types\/product"}],"wp:featuredmedia":[{"embeddable":true,"href":"https:\/\/www.dhct.academy\/fr\/wp-json\/wp\/v2\/media\/18650"}],"wp:attachment":[{"href":"https:\/\/www.dhct.academy\/fr\/wp-json\/wp\/v2\/media?parent=15706"}],"wp:term":[{"taxonomy":"product_brand","embeddable":true,"href":"https:\/\/www.dhct.academy\/fr\/wp-json\/wp\/v2\/product_brand?post=15706"},{"taxonomy":"product_cat","embeddable":true,"href":"https:\/\/www.dhct.academy\/fr\/wp-json\/wp\/v2\/product_cat?post=15706"},{"taxonomy":"product_tag","embeddable":true,"href":"https:\/\/www.dhct.academy\/fr\/wp-json\/wp\/v2\/product_tag?post=15706"}],"curies":[{"name":"wp","href":"https:\/\/api.w.org\/{rel}","templated":true}]}}