{"id":31,"date":"2022-11-30T14:52:57","date_gmt":"2022-11-30T14:52:57","guid":{"rendered":"http:\/\/dummy.xtemos.com\/woodmart2\/mega-electronics\/?page_id=31"},"modified":"2025-08-26T14:18:53","modified_gmt":"2025-08-26T14:18:53","slug":"our-contacts","status":"publish","type":"page","link":"https:\/\/www.dhct.academy\/fr\/our-contacts\/","title":{"rendered":"Our Contacts"},"content":{"rendered":"<div class=\"wpb-content-wrapper\"><div class=\"vc_row wpb_row vc_row-fluid\"><div class=\"wpb_column vc_column_container vc_col-sm-12\"><div class=\"vc_column-inner\"><div class=\"wpb_wrapper\">\t\t\t<link rel=\"stylesheet\" id=\"xts-style-term-1006-css\" href=\"https:\/\/www.dhct.academy\/wp-content\/uploads\/2025\/08\/xts-term-1006-1755839870.css?ver=8.1.2\" type=\"text\/css\" media=\"all\">  \t\t\t<style>\t\t\t\t\t\t\t#slide-338 .wd-slide-container {\n\t\t\t\t\t\t\t\t\t\t--wd-align-items: flex-start;\n\t\t\t\t\t\t\t\t\t\t\t\t\t\t\t--wd-justify-content: left;\n\t\t\t\t\t\t\t\t\t}\n\t\t\t\t\t\t\t\t#slide-338.woodmart-loaded .wd-slide-bg {\n\t\t\t\t\t\t\t\t}\n\n\t\t\t\t#slide-338 .wd-slide-bg {\n\t\t\t\tbackground-color:rgb(0,5,11);\t\t\t\tbackground-size:cover;\n\t\t\t\t\t\t\t\t\t\tbackground-position:center center;\t\t\t\t\t\t\t\t\t}\n\n\t\t\t\t\t\t\t\t\t#slide-338 .wd-slide-inner {\n\t\t\t\t\t\tmax-width:1200px;\t\t\t\t\t}\n\t\t\t\t\n\t\t\t\t@media (max-width: 1024px) {\n\t\t\t\t\n\t\t\t\t\n\t\t\t\t\t\t\t\t\t\t#slide-338 .wd-slide-inner {\n\t\t\t\t\t\t\tmax-width:1200px;\t\t\t\t\t\t}\n\t\t\t\t\t\n\t\t\t\t\t#slide-338 .wd-slide-bg {\n\t\t\t\t\t\t\t\t\t\t\t\t\t\t\t\t\t\t\n\t\t\t\t\t\t\t\t\t\t\t\t\t\t\t\t\t\t\t\t\t\t\t}\n\t\t\t\t}\n\n\t\t\t\t@media (max-width: 767px) {\n\t\t\t\t\n\t\t\t\t\n\t\t\t\t\t\t\t\t\t\t#slide-338 .wd-slide-inner {\n\t\t\t\t\t\t\tmax-width:500px;\t\t\t\t\t\t}\n\t\t\t\t\t\n\t\t\t\t\t#slide-338 .wd-slide-bg {\n\t\t\t\t\t\t\t\t\t\t\t\t\t\t\t\t\t\t\n\t\t\t\t\t\t\t\t\t\t\t\t\t\t\t\t\t\t\t\t\t\t\t}\n\t\t\t\t}\n\n\t\t\t\t\t\t\t\t\t\t.vc_custom_1755884864887{margin-bottom: 20px !important;}.vc_custom_1755884889078{background-color: eyJwYXJhbV90eXBlIjoid29vZG1hcnRfY29sb3JwaWNrZXIiLCJjc3NfYXJncyI6eyJiYWNrZ3JvdW5kLWNvbG9yIjpbIiBhIl0sImJvcmRlci1jb2xvciI6WyIgYSJdfSwic2VsZWN0b3JfaWQiOiI2OGE4YTUyMGFiZjM5IiwiZGF0YSI6eyJkZXNrdG9wIjoiI2RkOTkzMyJ9fQ== !important;}\t\t\t\t\t\n\t\t\t\t\t\t\t\t\t\t.wd-rs-6356a2b518014 > .vc_column-inner > .wpb_wrapper{align-items: center;}.wd-rs-68a8ad45e0ee0.wd-button-wrapper a{color: rgb(255,255,255);}#wd-68a8ad148c6ec .title-after_title{line-height:25px;font-size:15px;}#wd-68a8ad45e0ee0 a{background-color:#dd9933;border-color:#dd9933 !important;}#wd-68a8ad45e0ee0 a:hover{background-color:#dd9933;border-color:#dd9933 !important;}@media (max-width: 767px) {#wd-68a8ad148c6ec .woodmart-title-container{line-height:27px;font-size:17px;}#wd-68a8ad148c6ec .title-after_title{line-height:25px;font-size:15px;}}\t\t\t\t\t\t\t\t<\/style>\n\t\t<div id=\"slider-1006\" data-id=\"1006\" class=\"wd-slider wd-carousel-container wd-anim-slide wd-section-container\">\n\t\t\t<div class=\"wd-carousel-inner\">\n\t\t\t\t<div class=\"wd-carousel wd-grid\" data-speed=\"20000\" data-wrap=\"yes\" data-autoplay=\"yes\" data-autoheight=\"yes\" data-scroll_per_page=\"yes\" data-sliding_speed=\"700\" data-effect=\"slide\" style=\"--wd-col-lg:1;--wd-col-md:1;--wd-col-sm:1;\">\n\t\t\t\t\t<div class=\"wd-carousel-wrap \">\n\t\t\t\t\t\t\t\t\t\t\t\t\t\t\t\t\t\t\t\t<div id=\"slide-338\" class=\"wd-slide wd-carousel-item woodmart-loaded\" >\n\t\t\t\t\t\t\t\t\t\t\t\t\t\t\t\t<div class=\"container wd-slide-container content-fixed\">\n\t\t\t\t\t\t\t\t\t<div class=\"wd-slide-inner \">\n\t\t\t\t\t\t\t\t\t\t\t\t\t\t\t\t\t\t\t\t\t<div class=\"wpb-content-wrapper\"><div class=\"vc_row wpb_row vc_row-fluid\"><div class=\"wpb_column vc_column_container vc_col-sm-12 wd-enabled-flex wd-rs-6356a2b518014\"><div class=\"vc_column-inner\"><div class=\"wpb_wrapper\"><div class=\"vc_empty_space\"   style=\"height: 32px\"><span class=\"vc_empty_space_inner\"><\/span><\/div><div class=\"vc_empty_space\"   style=\"height: 32px\"><span class=\"vc_empty_space_inner\"><\/span><\/div>\n\t\t<div id=\"wd-68a8ad148c6ec\" class=\"title-wrapper wd-wpb wd-set-mb reset-last-child  wd-rs-68a8ad148c6ec wd-title-color-white wd-title-style-default text-left vc_custom_1755884864887 wd-underline-colored\">\n\t\t\t\n\t\t\t<div class=\"liner-continer\">\n\t\t\t\t<h4 class=\"woodmart-title-container title  wd-font-weight-700 wd-fontsize-xxl\" >Gagner de l\u2019argent  gr\u00e2ce \u00e0 notre syst\u00e8me matriciel<\/h4>\n\t\t\t\t\t\t\t<\/div>\n\t\t\t\n\t\t\t\t\t\t\t<div class=\"title-after_title reset-last-child  wd-fontsize-s\">50% de commission sur chaque filleul direct. Un syst\u00e8me matriciel intelligent qui maximise vos gains. <\/br>Des revenus qui augmentent \u00e0 mesure que votre r\u00e9seau se d\u00e9veloppe.<\/div>\n\t\t\t\n\t\t\t\n\t\t<\/div>\n\t\t\n\t\t<div id=\"wd-68a8ad45e0ee0\" class=\" wd-rs-68a8ad45e0ee0 vc_custom_1755884889078 wd-button-wrapper text-right\"><a href=\"https:\/\/www.dhct.academy\/my-account\/\" title=\"Mon MLM\" style=\"--btn-color-hover:#fff;\" class=\"btn btn-style-default btn-shape-round btn-size-extra-large\">Inscrivez-vous aujourd\u2019hui<\/a><\/div><\/div><\/div><\/div><\/div>\n<\/div>\t\t\t\t\t\t\t\t\t\t\t\t\t\t\t\t\t\t\t<\/div>\n\t\t\t\t\t\t\t\t<\/div>\n\n\t\t\t\t\t\t\t\t<div class=\"wd-slide-bg wd-fill\"><\/div>\n\n\t\t\t\t\t\t\t\t\t\t\t\t\t\t\t<\/div>\n\n\t\t\t\t\t\t\t\t\t\t\t\t\t\t\t\t\t\t\t\t\t\t\t\t\t\t\t\t\t\t\t\t\t<\/div>\n\t\t\t\t<\/div>\n\n\t\t\t\t\t\t\t\t\t\t\t\t\t\t<div class=\"wd-nav-arrows wd-slider-arrows wd-custom-style wd-style-1 wd-pos-sep color-scheme-dark\">\n\t\t\t\t\t\t<div class=\"wd-btn-arrow wd-prev\">\n\t\t\t\t\t\t\t<div class=\"wd-arrow-inner\"><\/div>\n\t\t\t\t\t\t<\/div>\n\t\t\t\t\t\t<div class=\"wd-btn-arrow wd-next\">\n\t\t\t\t\t\t\t<div class=\"wd-arrow-inner\"><\/div>\n\t\t\t\t\t\t<\/div>\n\t\t\t\t\t<\/div>\n\t\t\t\t\t\t\t<\/div>\n\n\t\t\t\t\t\t\t\t\t\t\t<div class=\"wd-nav-pagin-wrap wd-slider-pagin wd-custom-style wd-style-shape-3 text-left color-scheme-dark\">\n\t\t\t\t\t<ul class=\"wd-nav-pagin\"><\/ul>\n\t\t\t\t<\/div>\n\t\t\t\t\t<\/div>\n\t\t<\/div><\/div><\/div><\/div><div class=\"vc_row wpb_row vc_row-fluid\"><div class=\"wpb_column vc_column_container vc_col-sm-8\"><div class=\"vc_column-inner\"><div class=\"wpb_wrapper\">\n\t\t<div id=\"wd-68a7b82f4d016\" class=\"title-wrapper wd-wpb wd-set-mb reset-last-child  wd-rs-68a7b82f4d016 wd-title-color-default wd-title-style-default text-left vc_custom_1755822169586 wd-underline-colored\">\n\t\t\t\n\t\t\t<div class=\"liner-continer\">\n\t\t\t\t<h4 class=\"woodmart-title-container title  wd-font-weight- wd-fontsize-l\" >Contactez-nous<\/h4>\n\t\t\t\t\t\t\t<\/div>\n\t\t\t\n\t\t\t\t\t\t\t<div class=\"title-after_title reset-last-child  wd-fontsize-xs\">Une question, un besoin d\u2019assistance ? Notre \u00e9quipe est \u00e0 votre \u00e9coute.<\/div>\n\t\t\t\n\t\t\t\n\t\t<\/div>\n\t\t\n\t\t\n\t<div class=\"wpb_text_column wpb_content_element\" >\n\t\t<div class=\"wpb_wrapper\">\n\t\t\t<p>[fluentform id=&#8221;1&#8243;]<\/p>\n\n\t\t<\/div>\n\t<\/div>\n<\/div><\/div><\/div><div class=\"wpb_column vc_column_container vc_col-sm-4\"><div class=\"vc_column-inner\"><div class=\"wpb_wrapper\"><div class=\"vc_empty_space\"   style=\"height: 62px\"><span class=\"vc_empty_space_inner\"><\/span><\/div>\t\t\t<div class=\"info-box-wrapper\">\n\t\t\t\t<div id=\"wd-68adc23d2ae27\" class=\" wd-rs-68adc23d2ae27 wd-info-box wd-wpb text-left box-icon-align-left box-style- color-scheme- wd-bg-none wd-items-top vc_custom_1756217925939\">\n\t\t\t\t\t\t\t\t\t\t\t<div class=\"box-icon-wrapper  box-with-icon box-icon-simple\">\n\t\t\t\t\t\t\t<div class=\"info-box-icon\">\n\n\t\t\t\t\t\t\t\n\t\t\t\t\t\t\t\t\t\t\t\t\t\t\t\t\t<img loading=\"lazy\" decoding=\"async\" width=\"24\" height=\"38\" src=\"https:\/\/www.dhct.academy\/wp-content\/uploads\/2025\/08\/535137-24x38.png\" class=\"attachment-24x38 size-24x38\" alt=\"\" \/>\t\t\t\t\t\t\t\t\t\t\t\t\t\t\t\n\t\t\t\t\t\t\t<\/div>\n\t\t\t\t\t\t<\/div>\n\t\t\t\t\t\t\t\t\t\t<div class=\"info-box-content\">\n\t\t\t\t\t\t<h4 class=\"info-box-title title box-title-style-default wd-fontsize-m\">Adresse<\/h4>\t\t\t\t\t\t<div class=\"info-box-inner reset-last-child\"><p>135, Rue 7 &amp; 8 F, Cap-Haitien, HAITI<\/p>\n<\/div>\n\n\t\t\t\t\t\t\t\t\t\t\t<\/div>\n\n\t\t\t\t\t\t\t\t\t\t\t<a class=\"wd-info-box-link wd-fill\" aria-label=\"Infobox link\" href=\"https:\/\/www.dhct.academy\/broadway-store\/\" title=\"Broadway Store\"><\/a>\n\t\t\t\t\t\n\t\t\t\t\t\t\t\t\t<\/div>\n\t\t\t<\/div>\n\t\t\t\t\t<div class=\"info-box-wrapper\">\n\t\t\t\t<div id=\"wd-68adc22437396\" class=\" wd-rs-68adc22437396 wd-info-box wd-wpb text-left box-icon-align-left box-style- color-scheme- wd-bg-none wd-items-middle vc_custom_1756217911263\">\n\t\t\t\t\t\t\t\t\t\t\t<div class=\"box-icon-wrapper  box-with-icon box-icon-simple\">\n\t\t\t\t\t\t\t<div class=\"info-box-icon\">\n\n\t\t\t\t\t\t\t\n\t\t\t\t\t\t\t\t\t\t\t\t\t\t\t\t\t<img loading=\"lazy\" decoding=\"async\" width=\"24\" height=\"38\" src=\"https:\/\/www.dhct.academy\/wp-content\/uploads\/2025\/08\/whatsapp-logo-icon-isolated-on-transparent-background-free-png-24x38.webp\" class=\"attachment-24x38 size-24x38\" alt=\"\" \/>\t\t\t\t\t\t\t\t\t\t\t\t\t\t\t\n\t\t\t\t\t\t\t<\/div>\n\t\t\t\t\t\t<\/div>\n\t\t\t\t\t\t\t\t\t\t<div class=\"info-box-content\">\n\t\t\t\t\t\t<h4 class=\"info-box-title title box-title-style-default wd-fontsize-m\">Phone\/Whatsapp<\/h4>\t\t\t\t\t\t<div class=\"info-box-inner reset-last-child\"><p><strong>(509) 3712-3542<\/strong><\/p>\n<\/div>\n\n\t\t\t\t\t\t\t\t\t\t\t<\/div>\n\n\t\t\t\t\t\t\t\t\t\t\t<a class=\"wd-info-box-link wd-fill\" aria-label=\"Infobox link\" href=\"https:\/\/www.dhct.academy\/broadway-store\/\" title=\"Broadway Store\"><\/a>\n\t\t\t\t\t\n\t\t\t\t\t\t\t\t\t<\/div>\n\t\t\t<\/div>\n\t\t\t\t\t<div class=\"info-box-wrapper\">\n\t\t\t\t<div id=\"wd-68adc1f443a19\" class=\" wd-rs-68adc1f443a19 wd-info-box wd-wpb text-left box-icon-align-left box-style- color-scheme- wd-bg-none wd-items-middle vc_custom_1756217887061\">\n\t\t\t\t\t\t\t\t\t\t\t<div class=\"box-icon-wrapper  box-with-icon box-icon-simple\">\n\t\t\t\t\t\t\t<div class=\"info-box-icon\">\n\n\t\t\t\t\t\t\t\n\t\t\t\t\t\t\t\t\t\t\t\t\t\t\t\t\t<img loading=\"lazy\" decoding=\"async\" width=\"24\" height=\"38\" src=\"https:\/\/www.dhct.academy\/wp-content\/uploads\/2025\/08\/9194848-1-24x38.png\" class=\"attachment-24x38 size-24x38\" alt=\"\" \/>\t\t\t\t\t\t\t\t\t\t\t\t\t\t\t\n\t\t\t\t\t\t\t<\/div>\n\t\t\t\t\t\t<\/div>\n\t\t\t\t\t\t\t\t\t\t<div class=\"info-box-content\">\n\t\t\t\t\t\t<h4 class=\"info-box-title title box-title-style-default wd-fontsize-m\">Email<\/h4>\t\t\t\t\t\t<div class=\"info-box-inner reset-last-child\"><p><strong>learning@dhct.academy<\/strong><\/p>\n<\/div>\n\n\t\t\t\t\t\t\t\t\t\t\t<\/div>\n\n\t\t\t\t\t\t\t\t\t\t\t<a class=\"wd-info-box-link wd-fill\" aria-label=\"Infobox link\" href=\"https:\/\/www.dhct.academy\/broadway-store\/\" title=\"Broadway Store\"><\/a>\n\t\t\t\t\t\n\t\t\t\t\t\t\t\t\t<\/div>\n\t\t\t<\/div>\n\t\t<div class=\"vc_row wpb_row vc_inner vc_row-fluid vc_custom_1669294422432 vc_row-has-fill wd-rs-637f69537e774\"><div class=\"wpb_column vc_column_container vc_col-sm-12 wd-rs-6376134c85019\"><div class=\"vc_column-inner vc_custom_1668682574250\"><div class=\"wpb_wrapper\">\n\t\t<div id=\"wd-68a7b8a4ebbfb\" class=\"title-wrapper wd-wpb wd-set-mb reset-last-child  wd-rs-68a7b8a4ebbfb wd-title-color-default wd-title-style-default text-left vc_custom_1755822271713 wd-underline-colored\">\n\t\t\t\n\t\t\t<div class=\"liner-continer\">\n\t\t\t\t<h4 class=\"woodmart-title-container title  wd-font-weight- wd-fontsize-m\" >Restez connect\u00e9s<\/h4>\n\t\t\t\t\t\t\t<\/div>\n\t\t\t\n\t\t\t\n\t\t\t\n\t\t<\/div>\n\t\t\n\t\t\t\t\t<div id=\"\" class=\" wd-rs-68a7b89741514 wd-social-icons  wd-style-colored wd-size-default social-follow wd-shape-circle color-scheme-dark text-left\">\n\t\t\t\t\n\t\t\t\t\n\t\t\t\t\t\t\t\t\t<a rel=\"noopener noreferrer nofollow\" href=\"https:\/\/www.facebook.com\/sharer\/sharer.php?u=https:\/\/www.dhct.academy\/contact-us\/\" target=\"_blank\" class=\" wd-social-icon social-facebook\" aria-label=\"Facebook social link\">\n\t\t\t\t\t\t<span class=\"wd-icon\"><\/span>\n\t\t\t\t\t\t\t\t\t\t\t<\/a>\n\t\t\t\t\n\t\t\t\t\t\t\t\t\t<a rel=\"noopener noreferrer nofollow\" href=\"https:\/\/x.com\/share?url=https:\/\/www.dhct.academy\/contact-us\/\" target=\"_blank\" class=\" wd-social-icon social-twitter\" aria-label=\"X social link\">\n\t\t\t\t\t\t<span class=\"wd-icon\"><\/span>\n\t\t\t\t\t\t\t\t\t\t\t<\/a>\n\t\t\t\t\n\t\t\t\t\n\t\t\t\t\n\t\t\t\t\t\t\t\t\t<a rel=\"noopener noreferrer nofollow\" href=\"https:\/\/www.dhct.academy\/#\" target=\"_blank\" class=\" wd-social-icon social-instagram\" aria-label=\"Instagram social link\">\n\t\t\t\t\t\t<span class=\"wd-icon\"><\/span>\n\t\t\t\t\t\t\t\t\t\t\t<\/a>\n\t\t\t\t\n\t\t\t\t\n\t\t\t\t\t\t\t\t\t<a rel=\"noopener noreferrer nofollow\" href=\"https:\/\/www.dhct.academy\/#\" target=\"_blank\" class=\" wd-social-icon social-youtube\" aria-label=\"YouTube social link\">\n\t\t\t\t\t\t<span class=\"wd-icon\"><\/span>\n\t\t\t\t\t\t\t\t\t\t\t<\/a>\n\t\t\t\t\n\t\t\t\t\t\t\t\t\t<a rel=\"noopener noreferrer nofollow\" href=\"https:\/\/www.dhct.academy\/#\" target=\"_blank\" class=\" wd-social-icon social-pinterest\" aria-label=\"Pinterest social link\">\n\t\t\t\t\t\t<span class=\"wd-icon\"><\/span>\n\t\t\t\t\t\t\t\t\t\t\t<\/a>\n\t\t\t\t\n\t\t\t\t\n\t\t\t\t\n\t\t\t\t\n\t\t\t\t\n\t\t\t\t\n\t\t\t\t\n\t\t\t\t\n\t\t\t\t\n\t\t\t\t\n\t\t\t\t\n\t\t\t\t\n\t\t\t\t\n\t\t\t\t\n\t\t\t\t\n\t\t\t\t\n\t\t\t\t\n\t\t\t\t\n\t\t\t\t\n\t\t\t\t\n\t\t\t<\/div>\n\n\t\t<\/div><\/div><\/div><\/div><\/div><\/div><\/div><\/div>\n<\/div>","protected":false},"excerpt":{"rendered":"Gagner de l\u2019argent gr\u00e2ce \u00e0 notre syst\u00e8me matriciel 50% de commission sur chaque filleul direct. Un syst\u00e8me matriciel intelligent qui","protected":false},"author":1,"featured_media":0,"parent":0,"menu_order":0,"comment_status":"closed","ping_status":"closed","template":"","meta":{"footnotes":""},"class_list":["post-31","page","type-page","status-publish","hentry"],"_links":{"self":[{"href":"https:\/\/www.dhct.academy\/fr\/wp-json\/wp\/v2\/pages\/31","targetHints":{"allow":["GET"]}}],"collection":[{"href":"https:\/\/www.dhct.academy\/fr\/wp-json\/wp\/v2\/pages"}],"about":[{"href":"https:\/\/www.dhct.academy\/fr\/wp-json\/wp\/v2\/types\/page"}],"author":[{"embeddable":true,"href":"https:\/\/www.dhct.academy\/fr\/wp-json\/wp\/v2\/users\/1"}],"replies":[{"embeddable":true,"href":"https:\/\/www.dhct.academy\/fr\/wp-json\/wp\/v2\/comments?post=31"}],"version-history":[{"count":8,"href":"https:\/\/www.dhct.academy\/fr\/wp-json\/wp\/v2\/pages\/31\/revisions"}],"predecessor-version":[{"id":18545,"href":"https:\/\/www.dhct.academy\/fr\/wp-json\/wp\/v2\/pages\/31\/revisions\/18545"}],"wp:attachment":[{"href":"https:\/\/www.dhct.academy\/fr\/wp-json\/wp\/v2\/media?parent=31"}],"curies":[{"name":"wp","href":"https:\/\/api.w.org\/{rel}","templated":true}]}}