{"id":18404,"date":"2025-08-21T20:27:50","date_gmt":"2025-08-21T20:27:50","guid":{"rendered":"https:\/\/www.dhct.academy\/?page_id=18404"},"modified":"2026-04-13T11:17:13","modified_gmt":"2026-04-13T15:17:13","slug":"a-propos-de-nous","status":"publish","type":"page","link":"https:\/\/www.dhct.academy\/fr\/a-propos-de-nous\/","title":{"rendered":"\u00c0 propos de nous"},"content":{"rendered":"<div class=\"wpb-content-wrapper\"><div class=\"vc_row wpb_row vc_row-fluid vc_custom_1629877038080 row-reverse-mobile row-reverse-tablet wd-rs-6125f32826e3d\"><div class=\"wpb_column vc_column_container vc_col-sm-12 vc_col-lg-6 vc_col-md-6 wd-rs-6125f30edad72\"><div class=\"vc_column-inner vc_custom_1629877010833\"><div class=\"wpb_wrapper\">\t\t<div id=\"wd-68a64dd2d1e0c\" class=\"wd-image wd-wpb wd-rs-68a64dd2d1e0c text-center\">\n\t\t\t\n\t\t\t\n\t\t\t\t\t<\/div>\n\t\t<\/div><\/div><\/div><div class=\"wpb_column vc_column_container vc_col-sm-12 vc_col-lg-offset-1 vc_col-lg-5 vc_col-md-6 vc_col-xs-12 wd-rs-6125f320eb687\"><div class=\"vc_column-inner vc_custom_1629877027060\"><div class=\"wpb_wrapper\">\t\t<div id=\"wd-68b0690b64b45\" class=\"wd-text-block wd-wpb reset-last-child wd-rs-68b0690b64b45 text-left wd-fontsize-custom vc_custom_1756391725136\">\n\t\t\t<h1 style=\"text-align: justify;\"><span style=\"color: #000080;\"><strong>\u00c0 propos de nous<\/strong><\/span><\/h1>\n<p style=\"text-align: justify;\"><strong>DHCT ACADEMY <\/strong>est une plateforme innovante qui r\u00e9unit deux mondes :<\/p>\n<ul style=\"text-align: justify;\">\n<li><strong>L\u2019apprentissage<\/strong> : d\u00e9velopper vos comp\u00e9tences dans des domaines porteurs.<\/li>\n<li><strong>L\u2019opportunit\u00e9 financi\u00e8re<\/strong> : transformer vos connaissances et votre r\u00e9seau en revenus.<\/li>\n<\/ul>\n<p style=\"text-align: justify;\">Notre mission est simple : <strong>permettre \u00e0 chacun d\u2019apprendre, de partager et de prosp\u00e9rer ensemble<\/strong>.<\/p>\n<p style=\"text-align: justify;\">Nous croyons que :<\/p>\n<ul style=\"text-align: justify;\">\n<li><strong>Le savoir est la cl\u00e9<\/strong> pour prendre le contr\u00f4le de sa vie.<\/li>\n<li><strong>Le travail en communaut\u00e9<\/strong> rend 10 fois plus grandes les opportunit\u00e9s.<\/li>\n<li><strong>La libert\u00e9 financi\u00e8re<\/strong> n\u2019est pas r\u00e9serv\u00e9e \u00e0 une \u00e9lite \u2014 elle se construit avec les bons outils et la bonne \u00e9quipe.<\/li>\n<\/ul>\n<p style=\"text-align: justify;\">\ud83d\udca1 Avec notre <strong>syst\u00e8me matriciel transparent<\/strong>, chaque membre b\u00e9n\u00e9ficie d\u2019une chance \u00e9gale de prosp\u00e9rer.<br \/>\n\ud83d\udc8e Notre communaut\u00e9 est un espace d\u2019entraide, de motivation et de progression continue.<\/p>\n<p style=\"text-align: justify;\"><strong>DHCT ACADEMY<\/strong>, c\u2019est plus qu\u2019une plateforme. C\u2019est un mouvement. C\u2019est votre prochain chapitre.<\/p>\n\t\t<\/div>\n\t\t<div class=\"vc_separator wpb_content_element vc_separator_align_center vc_sep_width_100 vc_sep_pos_align_center vc_separator_no_text vc_custom_1615616514122\" ><span class=\"vc_sep_holder vc_sep_holder_l\"><span style=\"border-color:rgb(10,10,10);border-color:rgba(10,10,10,0.12);\" class=\"vc_sep_line\"><\/span><\/span><span class=\"vc_sep_holder vc_sep_holder_r\"><span style=\"border-color:rgb(10,10,10);border-color:rgba(10,10,10,0.12);\" class=\"vc_sep_line\"><\/span><\/span>\n<\/div><div class=\"vc_row wpb_row vc_inner vc_row-fluid vc_row-o-content-middle vc_row-flex\"><div class=\"wpb_column vc_column_container vc_col-sm-12 vc_hidden-sm vc_hidden-xs wd-rs-6125f438bf39a\"><div class=\"vc_column-inner vc_custom_1629877310132\"><div class=\"wpb_wrapper\">\t\t\t<div id=\"\" class=\"wd-rs-68a64ec7a674a wd-social-icons  wd-style-colored wd-size-large social-share wd-shape-circle color-scheme-dark text-right\">\n\t\t\t\t\n\t\t\t\t\n\t\t\t\t\t\t\t\t\t<a rel=\"noopener noreferrer nofollow\" href=\"https:\/\/www.facebook.com\/sharer\/sharer.php?u=https:\/\/www.dhct.academy\/fr\/a-propos-de-nous\/\" target=\"_blank\" class=\"wd-social-icon social-facebook\" aria-label=\"Facebook social link\">\n\t\t\t\t\t\t<span class=\"wd-icon\"><\/span>\n\t\t\t\t\t\t\t\t\t\t\t<\/a>\n\t\t\t\t\n\t\t\t\t\t\t\t\t\t<a rel=\"noopener noreferrer nofollow\" href=\"https:\/\/x.com\/share?url=https:\/\/www.dhct.academy\/fr\/a-propos-de-nous\/\" target=\"_blank\" class=\"wd-social-icon social-twitter\" aria-label=\"X social link\">\n\t\t\t\t\t\t<span class=\"wd-icon\"><\/span>\n\t\t\t\t\t\t\t\t\t\t\t<\/a>\n\t\t\t\t\n\t\t\t\t\n\t\t\t\t\n\t\t\t\t\n\t\t\t\t\n\t\t\t\t\n\t\t\t\t\t\t\t\t\t<a rel=\"noopener noreferrer nofollow\" href=\"https:\/\/pinterest.com\/pin\/create\/button\/?url=https:\/\/www.dhct.academy\/fr\/a-propos-de-nous\/&media=https:\/\/www.dhct.academy\/wp-includes\/images\/media\/default.svg&description=%C3%80+propos+de+nous\" target=\"_blank\" class=\"wd-social-icon social-pinterest\" aria-label=\"Pinterest social link\">\n\t\t\t\t\t\t<span class=\"wd-icon\"><\/span>\n\t\t\t\t\t\t\t\t\t\t\t<\/a>\n\t\t\t\t\n\t\t\t\t\n\t\t\t\t\t\t\t\t\t<a rel=\"noopener noreferrer nofollow\" href=\"https:\/\/www.linkedin.com\/shareArticle?mini=true&url=https:\/\/www.dhct.academy\/fr\/a-propos-de-nous\/\" target=\"_blank\" class=\"wd-social-icon social-linkedin\" aria-label=\"Linkedin social link\">\n\t\t\t\t\t\t<span class=\"wd-icon\"><\/span>\n\t\t\t\t\t\t\t\t\t\t\t<\/a>\n\t\t\t\t\n\t\t\t\t\n\t\t\t\t\n\t\t\t\t\n\t\t\t\t\n\t\t\t\t\n\t\t\t\t\n\t\t\t\t\n\t\t\t\t\n\t\t\t\t\n\t\t\t\t\n\t\t\t\t\n\t\t\t\t\n\t\t\t\t\n\t\t\t\t\n\t\t\t\t\n\t\t\t\t\t\t\t\t\t<a rel=\"noopener noreferrer nofollow\" href=\"https:\/\/telegram.me\/share\/url?url=https:\/\/www.dhct.academy\/fr\/a-propos-de-nous\/\" target=\"_blank\" class=\"wd-social-icon social-tg\" aria-label=\"Telegram social link\">\n\t\t\t\t\t\t<span class=\"wd-icon\"><\/span>\n\t\t\t\t\t\t\t\t\t\t\t<\/a>\n\t\t\t\t\n\t\t\t\t\n\t\t\t<\/div>\n\n\t\t<\/div><\/div><\/div><\/div><\/div><\/div><\/div><\/div>\n<\/div>","protected":false},"excerpt":{"rendered":"\u00c0 propos de nous DHCT ACADEMY est une plateforme innovante qui r\u00e9unit deux mondes : L\u2019apprentissage : d\u00e9velopper vos comp\u00e9tences","protected":false},"author":1,"featured_media":0,"parent":0,"menu_order":0,"comment_status":"closed","ping_status":"closed","template":"","meta":{"footnotes":""},"class_list":["post-18404","page","type-page","status-publish","hentry"],"_links":{"self":[{"href":"https:\/\/www.dhct.academy\/fr\/wp-json\/wp\/v2\/pages\/18404","targetHints":{"allow":["GET"]}}],"collection":[{"href":"https:\/\/www.dhct.academy\/fr\/wp-json\/wp\/v2\/pages"}],"about":[{"href":"https:\/\/www.dhct.academy\/fr\/wp-json\/wp\/v2\/types\/page"}],"author":[{"embeddable":true,"href":"https:\/\/www.dhct.academy\/fr\/wp-json\/wp\/v2\/users\/1"}],"replies":[{"embeddable":true,"href":"https:\/\/www.dhct.academy\/fr\/wp-json\/wp\/v2\/comments?post=18404"}],"version-history":[{"count":4,"href":"https:\/\/www.dhct.academy\/fr\/wp-json\/wp\/v2\/pages\/18404\/revisions"}],"predecessor-version":[{"id":23793,"href":"https:\/\/www.dhct.academy\/fr\/wp-json\/wp\/v2\/pages\/18404\/revisions\/23793"}],"wp:attachment":[{"href":"https:\/\/www.dhct.academy\/fr\/wp-json\/wp\/v2\/media?parent=18404"}],"curies":[{"name":"wp","href":"https:\/\/api.w.org\/{rel}","templated":true}]}}