{"id":18138,"date":"2025-08-20T22:41:50","date_gmt":"2025-08-20T22:41:50","guid":{"rendered":"https:\/\/www.dhct.academy\/?page_id=18138"},"modified":"2025-08-28T14:36:16","modified_gmt":"2025-08-28T14:36:16","slug":"notre-histoire","status":"publish","type":"page","link":"https:\/\/www.dhct.academy\/fr\/notre-histoire\/","title":{"rendered":"Notre Histoire"},"content":{"rendered":"<div class=\"wpb-content-wrapper\"><div data-vc-full-width=\"true\" data-vc-full-width-temp=\"true\" data-vc-full-width-init=\"false\" class=\"vc_row wpb_row vc_row-fluid vc_custom_1755798362801 vc_row-has-fill vc_row-o-content-middle vc_row-flex wd-rs-68a75b5534e00\"><div class=\"wpb_column vc_column_container vc_col-sm-12 vc_col-lg-4 vc_col-md-4 vc_col-xs-12 wd-rs-6125f2fa74bd9\"><div class=\"vc_column-inner vc_custom_1629876989711\"><div class=\"wpb_wrapper\">\n\t\t<div id=\"wd-68b06944379f1\" class=\"title-wrapper wd-wpb wd-set-mb reset-last-child  wd-rs-68b06944379f1 wd-title-color-primary wd-title-style-default text-left vc_custom_1756391756804 wd-width-enabled wd-underline-colored\" style=\"--wd-max-width: 90%;\">\n\t\t\t\n\t\t\t<div class=\"liner-continer\">\n\t\t\t\t<h4 class=\"woodmart-title-container title  wd-font-weight- wd-fontsize-xxl\" >DHCT ACADEMY<\/h4>\n\t\t\t\t\t\t\t<\/div>\n\t\t\t\n\t\t\t\n\t\t\t\n\t\t<\/div>\n\t\t\n\t\t<\/div><\/div><\/div><div class=\"wpb_column vc_column_container vc_col-sm-6 vc_col-lg-offset-1 vc_col-lg-3 vc_col-md-4 wd-rs-6125f2f5a2779\"><div class=\"vc_column-inner vc_custom_1629876984854\"><div class=\"wpb_wrapper\">\t\t\t<div class=\"info-box-wrapper\">\n\t\t\t\t<div id=\"wd-68a64e8d7b6fe\" class=\"wd-rs-68a64e8d7b6fe wd-info-box wd-wpb text-left box-icon-align-left box-style- color-scheme- wd-bg-none wd-items-top vc_custom_1755729558165\">\n\t\t\t\t\t\t\t\t\t\t<div class=\"info-box-content\">\n\t\t\t\t\t\t\t\t\t\t\t\t<div class=\"info-box-inner reset-last-child\"><p>C\u2019est plus qu\u2019une plateforme. C\u2019est un mouvement. C\u2019est votre prochain chapitre.<\/p>\n<\/div>\n\n\t\t\t\t\t\t\t\t\t\t\t<\/div>\n\n\t\t\t\t\t\t\t\t\t\t\t<a class=\"wd-info-box-link wd-fill\" aria-label=\"Infobox link\" href=\"#\" title=\"\"><\/a>\n\t\t\t\t\t\n\t\t\t\t\t\t\t\t\t<\/div>\n\t\t\t<\/div>\n\t\t<\/div><\/div><\/div><div class=\"wpb_column vc_column_container vc_col-sm-6 vc_col-lg-offset-1 vc_col-lg-3 vc_col-md-4 wd-rs-6125f2efc6c08\"><div class=\"vc_column-inner vc_custom_1629876980184\"><div class=\"wpb_wrapper\">\t\t\t<div class=\"info-box-wrapper\">\n\t\t\t\t<div id=\"wd-68a64e7e8c25c\" class=\"wd-rs-68a64e7e8c25c wd-info-box wd-wpb text-left box-icon-align-left box-style- color-scheme- wd-bg-none wd-items-top vc_custom_1755729545503\">\n\t\t\t\t\t\t\t\t\t\t<div class=\"info-box-content\">\n\t\t\t\t\t\t\t\t\t\t\t\t<div class=\"info-box-inner reset-last-child\"><p>Notre communaut\u00e9 est un espace d\u2019entraide, de motivation et de progression continue.<\/p>\n<\/div>\n\n\t\t\t\t\t\t\t\t\t\t\t<\/div>\n\n\t\t\t\t\t\t\t\t\t\t\t<a class=\"wd-info-box-link wd-fill\" aria-label=\"Infobox link\" href=\"#\" title=\"\"><\/a>\n\t\t\t\t\t\n\t\t\t\t\t\t\t\t\t<\/div>\n\t\t\t<\/div>\n\t\t<\/div><\/div><\/div><\/div><div class=\"vc_row-full-width vc_clearfix\"><\/div><div class=\"vc_row wpb_row vc_row-fluid vc_custom_1629877038080 row-reverse-mobile row-reverse-tablet wd-rs-6125f32826e3d\"><div class=\"wpb_column vc_column_container vc_col-sm-12 vc_col-lg-6 vc_col-md-6 wd-rs-6125f30edad72\"><div class=\"vc_column-inner vc_custom_1629877010833\"><div class=\"wpb_wrapper\">\t\t<div id=\"wd-68a64dd2d1e0c\" class=\"wd-image wd-wpb wd-rs-68a64dd2d1e0c text-center\">\n\t\t\t\n\t\t\t\n\t\t\t\t\t<\/div>\n\t\t<\/div><\/div><\/div><div class=\"wpb_column vc_column_container vc_col-sm-12 vc_col-lg-offset-1 vc_col-lg-5 vc_col-md-6 vc_col-xs-12 wd-rs-6125f320eb687\"><div class=\"vc_column-inner vc_custom_1629877027060\"><div class=\"wpb_wrapper\">\t\t<div id=\"wd-68b0695349c1c\" class=\"wd-text-block wd-wpb reset-last-child wd-rs-68b0695349c1c text-left wd-fontsize-custom vc_custom_1756391769780\">\n\t\t\t<h1 style=\"text-align: justify;\"><strong>Notre histoire<\/strong><\/h1>\n<p style=\"text-align: justify;\">Tout a commenc\u00e9 avec une id\u00e9e simple\u2026<br \/>\nNous regardions autour de nous et voyions des personnes <strong>pleines de potentiel<\/strong>, mais limit\u00e9es par un manque d\u2019opportunit\u00e9s, d\u2019accompagnement et de ressources.<\/p>\n<p style=\"text-align: justify;\">D\u2019un c\u00f4t\u00e9, il y a ceux qui veulent apprendre pour am\u00e9liorer leur vie.<br \/>\nDe l\u2019autre, ceux qui r\u00eavent de gagner plus pour r\u00e9aliser leurs projets.<br \/>\nEt bien souvent\u2026 ces deux mondes ne se rencontrent jamais.<\/p>\n<p style=\"text-align: justify;\">C\u2019est l\u00e0 qu\u2019est n\u00e9e <strong>DHCT ACADEMY<\/strong>:<br \/>\nune plateforme qui unit <strong>formation de qualit\u00e9<\/strong> et <strong>opportunit\u00e9 financi\u00e8re r\u00e9elle<\/strong>.<\/p>\n\t\t<\/div>\n\t\t<div class=\"vc_separator wpb_content_element vc_separator_align_center vc_sep_width_100 vc_sep_pos_align_center vc_separator_no_text vc_custom_1615616514122\" ><span class=\"vc_sep_holder vc_sep_holder_l\"><span style=\"border-color:rgb(10,10,10);border-color:rgba(10,10,10,0.12);\" class=\"vc_sep_line\"><\/span><\/span><span class=\"vc_sep_holder vc_sep_holder_r\"><span style=\"border-color:rgb(10,10,10);border-color:rgba(10,10,10,0.12);\" class=\"vc_sep_line\"><\/span><\/span>\n<\/div><div class=\"vc_row wpb_row vc_inner vc_row-fluid vc_row-o-content-middle vc_row-flex\"><div class=\"wpb_column vc_column_container vc_col-sm-12 vc_hidden-sm vc_hidden-xs wd-rs-6125f438bf39a\"><div class=\"vc_column-inner vc_custom_1629877310132\"><div class=\"wpb_wrapper\">\t\t\t<div id=\"\" class=\"wd-rs-68a64ec7a674a wd-social-icons  wd-style-colored wd-size-large social-share wd-shape-circle color-scheme-dark text-right\">\n\t\t\t\t\n\t\t\t\t\n\t\t\t\t\t\t\t\t\t<a rel=\"noopener noreferrer nofollow\" href=\"https:\/\/www.facebook.com\/sharer\/sharer.php?u=https:\/\/www.dhct.academy\/fr\/notre-histoire\/\" target=\"_blank\" class=\"wd-social-icon social-facebook\" aria-label=\"Facebook social link\">\n\t\t\t\t\t\t<span class=\"wd-icon\"><\/span>\n\t\t\t\t\t\t\t\t\t\t\t<\/a>\n\t\t\t\t\n\t\t\t\t\t\t\t\t\t<a rel=\"noopener noreferrer nofollow\" href=\"https:\/\/x.com\/share?url=https:\/\/www.dhct.academy\/fr\/notre-histoire\/\" target=\"_blank\" class=\"wd-social-icon social-twitter\" aria-label=\"X social link\">\n\t\t\t\t\t\t<span class=\"wd-icon\"><\/span>\n\t\t\t\t\t\t\t\t\t\t\t<\/a>\n\t\t\t\t\n\t\t\t\t\n\t\t\t\t\n\t\t\t\t\n\t\t\t\t\n\t\t\t\t\n\t\t\t\t\t\t\t\t\t<a rel=\"noopener noreferrer nofollow\" href=\"https:\/\/pinterest.com\/pin\/create\/button\/?url=https:\/\/www.dhct.academy\/fr\/notre-histoire\/&media=https:\/\/www.dhct.academy\/wp-includes\/images\/media\/default.svg&description=Notre+Histoire\" target=\"_blank\" class=\"wd-social-icon social-pinterest\" aria-label=\"Pinterest social link\">\n\t\t\t\t\t\t<span class=\"wd-icon\"><\/span>\n\t\t\t\t\t\t\t\t\t\t\t<\/a>\n\t\t\t\t\n\t\t\t\t\n\t\t\t\t\t\t\t\t\t<a rel=\"noopener noreferrer nofollow\" href=\"https:\/\/www.linkedin.com\/shareArticle?mini=true&url=https:\/\/www.dhct.academy\/fr\/notre-histoire\/\" target=\"_blank\" class=\"wd-social-icon social-linkedin\" aria-label=\"Linkedin social link\">\n\t\t\t\t\t\t<span class=\"wd-icon\"><\/span>\n\t\t\t\t\t\t\t\t\t\t\t<\/a>\n\t\t\t\t\n\t\t\t\t\n\t\t\t\t\n\t\t\t\t\n\t\t\t\t\n\t\t\t\t\n\t\t\t\t\n\t\t\t\t\n\t\t\t\t\n\t\t\t\t\n\t\t\t\t\n\t\t\t\t\n\t\t\t\t\n\t\t\t\t\n\t\t\t\t\n\t\t\t\t\n\t\t\t\t\t\t\t\t\t<a rel=\"noopener noreferrer nofollow\" href=\"https:\/\/telegram.me\/share\/url?url=https:\/\/www.dhct.academy\/fr\/notre-histoire\/\" target=\"_blank\" class=\"wd-social-icon social-tg\" aria-label=\"Telegram social link\">\n\t\t\t\t\t\t<span class=\"wd-icon\"><\/span>\n\t\t\t\t\t\t\t\t\t\t\t<\/a>\n\t\t\t\t\n\t\t\t\t\n\t\t\t<\/div>\n\n\t\t<\/div><\/div><\/div><\/div><\/div><\/div><\/div><\/div>\n<\/div>","protected":false},"excerpt":{"rendered":"DHCT ACADEMY C\u2019est plus qu\u2019une plateforme. C\u2019est un mouvement. C\u2019est votre prochain chapitre. Notre communaut\u00e9 est un espace d\u2019entraide, de","protected":false},"author":1,"featured_media":0,"parent":0,"menu_order":0,"comment_status":"closed","ping_status":"closed","template":"","meta":{"footnotes":""},"class_list":["post-18138","page","type-page","status-publish","hentry"],"_links":{"self":[{"href":"https:\/\/www.dhct.academy\/fr\/wp-json\/wp\/v2\/pages\/18138","targetHints":{"allow":["GET"]}}],"collection":[{"href":"https:\/\/www.dhct.academy\/fr\/wp-json\/wp\/v2\/pages"}],"about":[{"href":"https:\/\/www.dhct.academy\/fr\/wp-json\/wp\/v2\/types\/page"}],"author":[{"embeddable":true,"href":"https:\/\/www.dhct.academy\/fr\/wp-json\/wp\/v2\/users\/1"}],"replies":[{"embeddable":true,"href":"https:\/\/www.dhct.academy\/fr\/wp-json\/wp\/v2\/comments?post=18138"}],"version-history":[{"count":7,"href":"https:\/\/www.dhct.academy\/fr\/wp-json\/wp\/v2\/pages\/18138\/revisions"}],"predecessor-version":[{"id":18632,"href":"https:\/\/www.dhct.academy\/fr\/wp-json\/wp\/v2\/pages\/18138\/revisions\/18632"}],"wp:attachment":[{"href":"https:\/\/www.dhct.academy\/fr\/wp-json\/wp\/v2\/media?parent=18138"}],"curies":[{"name":"wp","href":"https:\/\/api.w.org\/{rel}","templated":true}]}}