{"id":17700,"date":"2025-08-18T18:08:39","date_gmt":"2025-08-18T18:08:39","guid":{"rendered":"https:\/\/www.dhct.academy\/?page_id=17700"},"modified":"2025-08-28T14:37:09","modified_gmt":"2025-08-28T14:37:09","slug":"politik","status":"publish","type":"page","link":"https:\/\/www.dhct.academy\/fr\/politik\/","title":{"rendered":"Politique de Confidentialit\u00e9"},"content":{"rendered":"<div class=\"wpb-content-wrapper\"><div class=\"vc_row wpb_row vc_row-fluid\"><div class=\"wpb_column vc_column_container vc_col-sm-2\"><div class=\"vc_column-inner\"><div class=\"wpb_wrapper\"><\/div><\/div><\/div><div class=\"wpb_column vc_column_container vc_col-sm-8\"><div class=\"vc_column-inner\"><div class=\"wpb_wrapper\">\n\t<div class=\"wpb_text_column wpb_content_element\" >\n\t\t<div class=\"wpb_wrapper\">\n\t\t\t<h2 style=\"text-align: center;\" data-start=\"3113\" data-end=\"3167\">Politique de Confidentialit\u00e9 \u2013 DHCT ACADEMY<\/h2>\n<h3 style=\"text-align: justify;\" data-start=\"3169\" data-end=\"3198\">1. Collecte des donn\u00e9es<\/h3>\n<p style=\"text-align: justify;\" data-start=\"3199\" data-end=\"3241\">Lors de l\u2019inscription, nous collectons :<\/p>\n<ul style=\"text-align: justify;\" data-start=\"3242\" data-end=\"3402\">\n<li data-start=\"3242\" data-end=\"3314\">\n<p data-start=\"3244\" data-end=\"3314\">Nom, pr\u00e9nom, adresse e-mail, num\u00e9ro de t\u00e9l\u00e9phone, pays de r\u00e9sidence.<\/p>\n<\/li>\n<li data-start=\"3315\" data-end=\"3402\">\n<p data-start=\"3317\" data-end=\"3402\">Donn\u00e9es de paiement n\u00e9cessaires pour les transactions (via prestataires s\u00e9curis\u00e9s).<\/p>\n<\/li>\n<\/ul>\n<h3 style=\"text-align: justify;\" data-start=\"3409\" data-end=\"3441\">2. Utilisation des donn\u00e9es<\/h3>\n<p style=\"text-align: justify;\" data-start=\"3442\" data-end=\"3467\">Vos donn\u00e9es servent \u00e0 :<\/p>\n<ul style=\"text-align: justify;\" data-start=\"3468\" data-end=\"3610\">\n<li data-start=\"3468\" data-end=\"3500\">\n<p data-start=\"3470\" data-end=\"3500\">Cr\u00e9er et g\u00e9rer votre compte.<\/p>\n<\/li>\n<li data-start=\"3501\" data-end=\"3543\">\n<p data-start=\"3503\" data-end=\"3543\">Traiter vos paiements et vos retraits.<\/p>\n<\/li>\n<li data-start=\"3544\" data-end=\"3610\">\n<p data-start=\"3546\" data-end=\"3610\">Vous informer des nouveaut\u00e9s et mises \u00e0 jour de la plateforme.<\/p>\n<\/li>\n<\/ul>\n<h3 style=\"text-align: justify;\" data-start=\"3617\" data-end=\"3645\">3. Partage des donn\u00e9es<\/h3>\n<ul style=\"text-align: justify;\" data-start=\"3646\" data-end=\"3814\">\n<li data-start=\"3646\" data-end=\"3698\">\n<p data-start=\"3648\" data-end=\"3698\">Nous <strong data-start=\"3653\" data-end=\"3683\">ne vendons pas vos donn\u00e9es<\/strong> \u00e0 des tiers.<\/p>\n<\/li>\n<li data-start=\"3699\" data-end=\"3814\">\n<p data-start=\"3701\" data-end=\"3814\">Certaines informations sont partag\u00e9es uniquement avec nos prestataires de paiement (PayPal, banques, Mon Cash).<\/p>\n<\/li>\n<\/ul>\n<h3 style=\"text-align: justify;\" data-start=\"3821\" data-end=\"3838\">4. S\u00e9curit\u00e9<\/h3>\n<p style=\"text-align: justify;\" data-start=\"3839\" data-end=\"3976\">Nous mettons en place des mesures de s\u00e9curit\u00e9 pour prot\u00e9ger vos donn\u00e9es contre l\u2019acc\u00e8s non autoris\u00e9, la modification ou la divulgation.<\/p>\n<h3 style=\"text-align: justify;\" data-start=\"3983\" data-end=\"4015\">5. Droits des utilisateurs<\/h3>\n<p style=\"text-align: justify;\" data-start=\"4016\" data-end=\"4045\">Vous pouvez \u00e0 tout moment :<\/p>\n<ul style=\"text-align: justify;\" data-start=\"4046\" data-end=\"4180\">\n<li data-start=\"4046\" data-end=\"4081\">\n<p data-start=\"4048\" data-end=\"4081\">Demander l\u2019acc\u00e8s \u00e0 vos donn\u00e9es,<\/p>\n<\/li>\n<li data-start=\"4082\" data-end=\"4099\">\n<p data-start=\"4084\" data-end=\"4099\">Les corriger,<\/p>\n<\/li>\n<li data-start=\"4100\" data-end=\"4180\">\n<p data-start=\"4102\" data-end=\"4180\">Ou demander leur suppression (ce qui entra\u00eene la fermeture de votre compte).<\/p>\n<\/li>\n<\/ul>\n<h3 style=\"text-align: justify;\" data-start=\"4187\" data-end=\"4212\">6. Cookies et suivi<\/h3>\n<p style=\"text-align: justify;\" data-start=\"4213\" data-end=\"4352\">Notre site peut utiliser des cookies pour am\u00e9liorer l\u2019exp\u00e9rience utilisateur (connexion rapide, pr\u00e9f\u00e9rences, statistiques de navigation).<\/p>\n<h3 style=\"text-align: justify;\" data-start=\"4359\" data-end=\"4375\">7. Contact<\/h3>\n<p style=\"text-align: justify;\" data-start=\"4376\" data-end=\"4460\">Pour toute question sur vos donn\u00e9es personnelles :<br data-start=\"4426\" data-end=\"4429\">\ud83d\udce7 <a class=\"cursor-pointer\" rel=\"noopener\" data-start=\"4432\" data-end=\"4458\">learning@dhct.academy<\/a><\/p>\n\n\t\t<\/div>\n\t<\/div>\n\t\t<div id=\"wd-6a040b8157370\" class=\"wd-text-block wd-wpb reset-last-child text-left\">\n\t\t\t<p>Lorem ipsum dolor sit amet, consectetur adipiscing elit. Ut elit tellus, luctus nec ullamcorper mattis, pulvinar dapibus leo.<\/p>\n\t\t<\/div>\n\t\t\n\t<div class=\"wpb_text_column wpb_content_element\" >\n\t\t<div class=\"wpb_wrapper\">\n\t\t\t<p>I am text block. Click edit button to change this text. Lorem ipsum dolor sit amet, consectetur adipiscing elit. Ut elit tellus, luctus nec ullamcorper mattis, pulvinar dapibus leo.<\/p>\n\n\t\t<\/div>\n\t<\/div>\n<\/div><\/div><\/div><div class=\"wpb_column vc_column_container vc_col-sm-2\"><div class=\"vc_column-inner\"><div class=\"wpb_wrapper\"><\/div><\/div><\/div><\/div>\n<\/div>","protected":false},"excerpt":{"rendered":"Politique de Confidentialit\u00e9 \u2013 DHCT ACADEMY 1. Collecte des donn\u00e9es Lors de l\u2019inscription, nous collectons : Nom, pr\u00e9nom, adresse e-mail,","protected":false},"author":1,"featured_media":0,"parent":0,"menu_order":0,"comment_status":"closed","ping_status":"closed","template":"","meta":{"footnotes":""},"class_list":["post-17700","page","type-page","status-publish","hentry"],"_links":{"self":[{"href":"https:\/\/www.dhct.academy\/fr\/wp-json\/wp\/v2\/pages\/17700","targetHints":{"allow":["GET"]}}],"collection":[{"href":"https:\/\/www.dhct.academy\/fr\/wp-json\/wp\/v2\/pages"}],"about":[{"href":"https:\/\/www.dhct.academy\/fr\/wp-json\/wp\/v2\/types\/page"}],"author":[{"embeddable":true,"href":"https:\/\/www.dhct.academy\/fr\/wp-json\/wp\/v2\/users\/1"}],"replies":[{"embeddable":true,"href":"https:\/\/www.dhct.academy\/fr\/wp-json\/wp\/v2\/comments?post=17700"}],"version-history":[{"count":3,"href":"https:\/\/www.dhct.academy\/fr\/wp-json\/wp\/v2\/pages\/17700\/revisions"}],"predecessor-version":[{"id":18633,"href":"https:\/\/www.dhct.academy\/fr\/wp-json\/wp\/v2\/pages\/17700\/revisions\/18633"}],"wp:attachment":[{"href":"https:\/\/www.dhct.academy\/fr\/wp-json\/wp\/v2\/media?parent=17700"}],"curies":[{"name":"wp","href":"https:\/\/api.w.org\/{rel}","templated":true}]}}