{"id":16581,"date":"2025-07-30T13:20:32","date_gmt":"2025-07-30T13:20:32","guid":{"rendered":"https:\/\/www.dhct.academy\/member-tos-page\/"},"modified":"2025-08-28T14:38:12","modified_gmt":"2025-08-28T14:38:12","slug":"member-tos-page","status":"publish","type":"page","link":"https:\/\/www.dhct.academy\/fr\/member-tos-page\/","title":{"rendered":"Termes et conditions"},"content":{"rendered":"<div class=\"wpb-content-wrapper\"><div class=\"vc_row wpb_row vc_row-fluid\"><div class=\"wpb_column vc_column_container vc_col-sm-2\"><div class=\"vc_column-inner\"><div class=\"wpb_wrapper\"><\/div><\/div><\/div><div class=\"wpb_column vc_column_container vc_col-sm-8\"><div class=\"vc_column-inner\"><div class=\"wpb_wrapper\">\n\t<div class=\"wpb_text_column wpb_content_element\" >\n\t\t<div class=\"wpb_wrapper\">\n\t\t\t<ol>\n<li style=\"text-align: justify;\">\n<h1><span style=\"color: #000080;\"><strong> Informations g\u00e9n\u00e9rales<\/strong><\/span><\/h1>\n<\/li>\n<\/ol>\n<p style=\"text-align: justify;\">La plateforme <strong>DHCT ACADEMY <\/strong>est une initiative de <strong>DHCT \u00c9cole Professionnelle<\/strong>, dont le si\u00e8ge social est situ\u00e9 au :<br \/>\n<strong>n\u00b0135, entre les rues 7 et 8 F, Cap-Ha\u00eftien, Ha\u00efti<\/strong>.<\/p>\n<p style=\"text-align: justify;\">La plateforme est enti\u00e8rement virtuelle et propose des cours en ligne ainsi qu\u2019un syst\u00e8me de r\u00e9mun\u00e9ration bas\u00e9 sur le parrainage.<\/p>\n<p style=\"text-align: justify;\">Contacts :<\/p>\n<ul style=\"text-align: justify;\">\n<li>WhatsApp : <strong>+509 3712-3542<\/strong><\/li>\n<li>Email :<strong> learning@dhct.academy<\/strong><\/li>\n<\/ul>\n<ol style=\"text-align: justify;\" start=\"2\">\n<li>\n<h1><span style=\"color: #000080;\"><strong> Objet<\/strong><\/span><\/h1>\n<\/li>\n<\/ol>\n<p style=\"text-align: justify;\">Les pr\u00e9sentes conditions ont pour objet de d\u00e9finir :<\/p>\n<ul style=\"text-align: justify;\">\n<li>les r\u00e8gles d\u2019utilisation de la plateforme,<\/li>\n<li>les droits et obligations des membres,<\/li>\n<li>le fonctionnement du syst\u00e8me de r\u00e9mun\u00e9ration.<\/li>\n<\/ul>\n<p style=\"text-align: justify;\">La plateforme est destin\u00e9e aux <strong>\u00e9l\u00e8ves du secondaire, \u00e9tudiants, professionnels, et toute personne souhaitant apprendre ou g\u00e9n\u00e9rer des revenus<\/strong>.<\/p>\n<ol style=\"text-align: justify;\" start=\"3\">\n<li>\n<h1><span style=\"color: #000080;\"><strong> Inscription et acc\u00e8s<\/strong><\/span><\/h1>\n<\/li>\n<\/ol>\n<ul style=\"text-align: justify;\">\n<li>L\u2019inscription ne peut se faire <strong>qu\u2019au moyen d\u2019un lien de parrainage<\/strong> g\u00e9n\u00e9r\u00e9 par un membre d\u00e9j\u00e0 inscrit.<\/li>\n<li>Chaque utilisateur dispose d\u2019un <strong>lien unique<\/strong> pour inviter d\u2019autres personnes.<\/li>\n<li>Apr\u00e8s inscription mais avant paiement, l\u2019utilisateur peut <strong>consulter la liste des cours<\/strong>, mais ne peut ni d\u00e9marrer une formation ni parrainer.<\/li>\n<li>L\u2019acc\u00e8s complet aux cours et aux fonctionnalit\u00e9s est conditionn\u00e9 au <strong>paiement des frais d\u2019inscription<\/strong>.<\/li>\n<\/ul>\n<ol style=\"text-align: justify;\" start=\"4\">\n<li>\n<h1><span style=\"color: #000080;\"><strong> Utilisation apr\u00e8s inscription<\/strong><\/span><\/h1>\n<\/li>\n<\/ol>\n<p style=\"text-align: justify;\">Une fois inscrit et ayant pay\u00e9 ses frais, l\u2019utilisateur choisit librement de :<\/p>\n<ul style=\"text-align: justify;\">\n<li>suivre uniquement les cours,<\/li>\n<li>participer uniquement au r\u00e9seau de parrainage,<\/li>\n<li>ou combiner les deux activit\u00e9s.<\/li>\n<\/ul>\n<p style=\"text-align: justify;\">Les identifiants de connexion sont <strong>strictement personnels<\/strong> et doivent rester confidentiels. Tout usage frauduleux est de la <strong>responsabilit\u00e9 du membre<\/strong>.<\/p>\n<ol style=\"text-align: justify;\" start=\"5\">\n<li>\n<h1><span style=\"color: #000080;\"><strong> Syst\u00e8me de r\u00e9mun\u00e9ration par parrainage<\/strong><\/span><\/h1>\n<\/li>\n<\/ol>\n<ul style=\"text-align: justify;\">\n<li>Chaque <strong>parrainage direct<\/strong> donne droit \u00e0 <strong>50 % des frais d\u2019inscription du filleul<\/strong>.<\/li>\n<li>Des <strong>commissions indirectes<\/strong> sont pr\u00e9vues sur <strong>10 \u00e9chelles de parrainage<\/strong> :<\/li>\n<\/ul>\n<table>\n<thead>\n<tr>\n<td><strong>\u00c9chelle<\/strong><\/td>\n<td><strong>&nbsp;&nbsp;&nbsp;&nbsp;&nbsp;&nbsp;&nbsp;&nbsp;&nbsp;&nbsp;&nbsp;&nbsp;&nbsp;&nbsp;&nbsp;&nbsp;&nbsp;&nbsp;&nbsp;&nbsp;&nbsp;&nbsp;&nbsp;&nbsp;&nbsp;&nbsp;&nbsp;&nbsp;&nbsp;&nbsp;&nbsp;&nbsp;&nbsp;&nbsp;&nbsp;&nbsp;&nbsp; Commission<\/strong><\/td>\n<\/tr>\n<\/thead>\n<tbody>\n<tr>\n<td>1\u02b3\u1d49 \u00e9chelle<\/td>\n<td><span style=\"color: #008000;\"><strong>50 %<\/strong><\/span><\/td>\n<\/tr>\n<tr>\n<td>2\u1d49 \u00e9chelle<\/td>\n<td><span style=\"color: #008000;\"><strong>10 %<\/strong><\/span><\/td>\n<\/tr>\n<tr>\n<td>3\u1d49 \u00e9chelle<\/td>\n<td><span style=\"color: #008000;\"><strong>10 %<\/strong><\/span><\/td>\n<\/tr>\n<tr>\n<td>4\u1d49 \u00e9chelle<\/td>\n<td><span style=\"color: #008000;\"><strong>5 %<\/strong><\/span><\/td>\n<\/tr>\n<tr>\n<td>5\u1d49 \u00e9chelle<\/td>\n<td><span style=\"color: #008000;\"><strong>3 %<\/strong><\/span><\/td>\n<\/tr>\n<tr>\n<td>6\u1d49 \u00e9chelle<\/td>\n<td><span style=\"color: #008000;\"><strong>2 %<\/strong><\/span><\/td>\n<\/tr>\n<tr>\n<td>7\u1d49 \u00e9chelle<\/td>\n<td><span style=\"color: #008000;\"><strong>1 %<\/strong><\/span><\/td>\n<\/tr>\n<tr>\n<td>8\u1d49 \u00e9chelle<\/td>\n<td><span style=\"color: #008000;\">1 %<\/span><\/td>\n<\/tr>\n<tr>\n<td>9\u1d49 \u00e9chelle<\/td>\n<td><span style=\"color: #008000;\"><strong>1 %<\/strong><\/span><\/td>\n<\/tr>\n<tr>\n<td>10\u1d49 \u00e9chelle<\/td>\n<td><span style=\"color: #008000;\"><strong>1 %<\/strong><\/span><\/td>\n<\/tr>\n<tr>\n<td><\/td>\n<td><\/td>\n<\/tr>\n<\/tbody>\n<\/table>\n<ul style=\"text-align: justify;\">\n<li>Aucune commission n\u2019est attribu\u00e9e au-del\u00e0 de la <span style=\"color: #008000;\"><strong>10\u1d49 \u00e9chelle.<\/strong><\/span><\/li>\n<li>Les commissions sont cumul\u00e9es chaque semaine et cr\u00e9dit\u00e9es automatiquement dans le portefeuille virtuel de l\u2019utilisateur le <strong>samedi \u00e0 12h AM<\/strong>.<\/li>\n<li>L\u2019utilisateur peut ensuite demander un <strong>virement partiel ou total<\/strong> (Mon Cash, Nat Cash, compte bancaire local ou ). Le processus de virement prend <strong>72 heures<\/strong>.<\/li>\n<\/ul>\n<ol style=\"text-align: justify;\" start=\"6\">\n<li>\n<h1><span style=\"color: #000080;\"><strong> Grades<\/strong><\/span><\/h1>\n<\/li>\n<\/ol>\n<ul style=\"text-align: justify;\">\n<li>Le passage \u00e0 un grade sup\u00e9rieur s\u2019effectue par le <strong>paiement du frais correspondant<\/strong>.<\/li>\n<li>Aucun parrainage n\u2019est obligatoire pour progresser, <strong>sauf pour acc\u00e9der au 2\u1d49 grade<\/strong>, o\u00f9 il faut avoir parrain\u00e9 au minimum <strong>4 filleuls directs<\/strong>.<\/li>\n<\/ul>\n<ol style=\"text-align: justify;\" start=\"7\">\n<li>\n<h1><span style=\"color: #000080;\"><strong> Moyens de paiement<\/strong><\/span><\/h1>\n<\/li>\n<\/ol>\n<p style=\"text-align: justify;\">Les paiements sont accept\u00e9s par :<\/p>\n<ul style=\"text-align: justify;\">\n<li>PayPal<\/li>\n<li>Cartes bancaires (Visa, Mastercard, D\u00e9bit)<\/li>\n<li>Mon Cash (Ha\u00efti)<\/li>\n<li>Banques locales (Unibank, Sogebank, etc.)<\/li>\n<\/ul>\n<ol style=\"text-align: justify;\" start=\"8\">\n<li>\n<h1><span style=\"color: #000080;\"><strong> Responsabilit\u00e9s<\/strong><\/span><\/h1>\n<\/li>\n<\/ol>\n<ul style=\"text-align: justify;\">\n<li><strong>DHCT ACADEMY <\/strong>fournit une plateforme \u00e9ducative et un syst\u00e8me de mise en r\u00e9seau.<\/li>\n<li>La plateforme <strong>ne garantit aucun revenu fixe<\/strong> : les gains d\u00e9pendent uniquement des efforts de chaque utilisateur.<\/li>\n<li><strong>Ce syst\u00e8me n\u2019est pas un sch\u00e9ma pyramidal ill\u00e9gal<\/strong>, car l\u2019adh\u00e9sion offre en priorit\u00e9 l\u2019acc\u00e8s \u00e0 des <strong>cours de formation r\u00e9els<\/strong>.<\/li>\n<li>La plateforme se r\u00e9serve le droit de <strong>suspendre ou fermer un compte<\/strong> en cas de fraude, usage abusif ou non-respect des pr\u00e9sentes conditions.<\/li>\n<\/ul>\n<ol style=\"text-align: justify;\" start=\"9\">\n<li>\n<h1><span style=\"color: #000080;\"><strong> Protection des donn\u00e9es<\/strong><\/span><\/h1>\n<\/li>\n<\/ol>\n<p style=\"text-align: justify;\">Les donn\u00e9es collect\u00e9es (nom, email, coordonn\u00e9es de paiement) sont utilis\u00e9es uniquement pour :<\/p>\n<ul style=\"text-align: justify;\">\n<li>la gestion du compte utilisateur,<\/li>\n<li>le suivi des parrainages et paiements,<\/li>\n<li>la communication avec les membres.<\/li>\n<\/ul>\n<p style=\"text-align: justify;\">Les utilisateurs disposent d\u2019un droit d\u2019acc\u00e8s, de rectification et de suppression de leurs donn\u00e9es.<\/p>\n<ol style=\"text-align: justify;\" start=\"10\">\n<li>\n<h1><span style=\"color: #000080;\"><strong> Modification des conditions<\/strong><\/span><\/h1>\n<\/li>\n<\/ol>\n<p style=\"text-align: justify;\"><strong>DHCT ACADEMY <\/strong>se r\u00e9serve le droit de modifier \u00e0 tout moment les pr\u00e9sentes conditions.<br \/>\nLes membres seront notifi\u00e9s par email ou via la plateforme.<\/p>\n<ol style=\"text-align: justify;\" start=\"11\">\n<li>\n<h1><span style=\"color: #003366;\"><strong> Droit applicable et juridiction<\/strong><\/span><\/h1>\n<\/li>\n<\/ol>\n<p style=\"text-align: justify;\">Les pr\u00e9sentes conditions sont r\u00e9gies par le <strong>droit ha\u00eftien<\/strong>.<br \/>\nTout litige sera soumis \u00e0 la juridiction comp\u00e9tente de <strong>Cap-Ha\u00eftien, Ha\u00efti<\/strong>.<\/p>\n<p style=\"text-align: justify;\">\n\n\t\t<\/div>\n\t<\/div>\n<\/div><\/div><\/div><div class=\"wpb_column vc_column_container vc_col-sm-2\"><div class=\"vc_column-inner\"><div class=\"wpb_wrapper\"><\/div><\/div><\/div><\/div>\n<\/div>","protected":false},"excerpt":{"rendered":"Informations g\u00e9n\u00e9rales La plateforme DHCT ACADEMY est une initiative de DHCT \u00c9cole Professionnelle, dont le si\u00e8ge social est situ\u00e9 au","protected":false},"author":1,"featured_media":0,"parent":0,"menu_order":0,"comment_status":"closed","ping_status":"closed","template":"","meta":{"footnotes":""},"class_list":["post-16581","page","type-page","status-publish","hentry"],"_links":{"self":[{"href":"https:\/\/www.dhct.academy\/fr\/wp-json\/wp\/v2\/pages\/16581","targetHints":{"allow":["GET"]}}],"collection":[{"href":"https:\/\/www.dhct.academy\/fr\/wp-json\/wp\/v2\/pages"}],"about":[{"href":"https:\/\/www.dhct.academy\/fr\/wp-json\/wp\/v2\/types\/page"}],"author":[{"embeddable":true,"href":"https:\/\/www.dhct.academy\/fr\/wp-json\/wp\/v2\/users\/1"}],"replies":[{"embeddable":true,"href":"https:\/\/www.dhct.academy\/fr\/wp-json\/wp\/v2\/comments?post=16581"}],"version-history":[{"count":9,"href":"https:\/\/www.dhct.academy\/fr\/wp-json\/wp\/v2\/pages\/16581\/revisions"}],"predecessor-version":[{"id":18634,"href":"https:\/\/www.dhct.academy\/fr\/wp-json\/wp\/v2\/pages\/16581\/revisions\/18634"}],"wp:attachment":[{"href":"https:\/\/www.dhct.academy\/fr\/wp-json\/wp\/v2\/media?parent=16581"}],"curies":[{"name":"wp","href":"https:\/\/api.w.org\/{rel}","templated":true}]}}